{"id":6932,"date":"2017-06-14T12:44:30","date_gmt":"2017-06-14T10:44:30","guid":{"rendered":"https:\/\/www.industrialport.net\/produkt\/industrialbundle\/"},"modified":"2026-02-23T09:33:38","modified_gmt":"2026-02-23T08:33:38","slug":"industrialbundle","status":"publish","type":"product","link":"https:\/\/www.industrialport.net\/en\/produkt\/industrialbundle\/","title":{"rendered":"IndustrialBundle Market Report &#8211; Germany"},"content":{"rendered":"<h3>Everything at a glance: the new IndustrialBundle English!<\/h3>\n<p>&nbsp;<\/p>\n<p lang=\"en-US\">IndustrialPort&#8217;s 10-page market and location analysis is available to all 11,000 German cities and communities. Since 2012. Both in German and in English.<\/p>\n<p lang=\"en-US\">The site suitability for hall buildings is displayed as a score value and also graphically on the basis of a heatmap.<\/p>\n<p lang=\"en-US\">The heatmap was developed in cooperation with the Hochschule Fresenius. This indicates where settling new hall space or operating existing buildings is worthwhile in the long term.<\/p>\n<p lang=\"en-US\">In addition to the basic statistical data for the municipality to be considered, a site survey takes place in the form of a network diagram.<\/p>\n<p lang=\"en-US\">For the main types of use storage, logistics, production as well as the associated office space, all rents are reported at the municipal level. In addition, a subdivision according to the equipment classes is modern, functional and simple. The current property interest is also reported at the municipal level.<\/p>\n<p lang=\"en-US\">The administrative and maintenance costs were charged in cooperation with WISAG. They are expelled at district level. The administrative and maintenance costs were collected in cooperation with WISAG. They are expelled at district level.<\/p>\n<p lang=\"en-US\">All mentioned data are compared with locations of the same site suitability. The database of the IndustrialBundle is updated annually on December 31st.<\/p>\n<p lang=\"en-US\">The new IndustrialBundle is indispensable for anyone looking for reliable data for industrial real estate and their office space. IndustrialBundle market reports are available electronically as download in PDF file format.<\/p>\n<p><strong><span lang=\"en-US\">And this is how it works:<\/span><\/strong><\/p>\n<p><strong><span lang=\"en-US\">Order now the IndustrialBundle Market Report for the city \/ municipality of your choice!<\/span><\/strong><\/p>\n<p lang=\"en-US\">You are also welcome to order the market report for different cities \/ towns at once (in this case please enter one city \/ municipality per line in the text field).<\/p>\n<p lang=\"en-US\">As a new customer, you can then download the market reports after the payment &#8211; as an existing customer, you also have the option to receive this before payment on account.<\/p>\n<p>&nbsp;<\/p>\n<div style=\"background: linear-gradient(to right,#0A8FD4,#001688); color: #fff; padding: 10px;\">Would you like to see a free sample of this market report? Please click the link below now!<\/div>\n<div style=\"background: linear-gradient(to right,#0A8FD4,#001688); color: #fff; padding: 10px;\"><span style=\"color: #ffffff;\"><a style=\"color: #ffffff;\" href=\"https:\/\/www.industrialport.net\/wp-content\/uploads\/2026\/02\/IndustrialBundle_Idstein_Example_2025.pdf\"><strong>IndustrialBundle English &#8211; Market Report 2025 for Idstein<\/strong><\/a><\/span> (2.2 MB &#8211; in English)<\/div>\n<div><\/div>\n","protected":false},"excerpt":{"rendered":"<p>Everything at a glance: the new IndustrialBundle English! &nbsp; IndustrialPort&#8217;s 10-page market and location analysis is available to all 11,000 German cities and communities. Since&#8230;<\/p>\n","protected":false},"featured_media":59051,"template":"","meta":[],"etheme_brands":[{"term_id":383,"name":"IndustrialPort","slug":"industrialport-en","term_group":0,"term_taxonomy_id":383,"taxonomy":"brand","description":"","parent":0,"count":2,"filter":"raw","order":"0"}],"product_brand":[],"product_cat":[321],"product_tag":[],"class_list":{"0":"post-6932","1":"product","2":"type-product","3":"status-publish","4":"has-post-thumbnail","6":"brand-industrialport-en","7":"product_cat-marketreports-by-industrialport","9":"first","10":"instock","11":"downloadable","12":"virtual","13":"taxable","14":"purchasable","15":"product-type-simple"},"featured_image_urls_v2":{"full":["https:\/\/www.industrialport.net\/wp-content\/uploads\/2026\/02\/IndustrialBundle_Idstein_Example_2025-01.jpg",1653,2338,false],"thumbnail":["https:\/\/www.industrialport.net\/wp-content\/uploads\/2026\/02\/IndustrialBundle_Idstein_Example_2025-01-150x150.jpg",150,150,true],"medium":["https:\/\/www.industrialport.net\/wp-content\/uploads\/2026\/02\/IndustrialBundle_Idstein_Example_2025-01-212x300.jpg",212,300,true],"medium_large":["https:\/\/www.industrialport.net\/wp-content\/uploads\/2026\/02\/IndustrialBundle_Idstein_Example_2025-01-768x1086.jpg",768,1086,true],"large":["https:\/\/www.industrialport.net\/wp-content\/uploads\/2026\/02\/IndustrialBundle_Idstein_Example_2025-01-724x1024.jpg",724,1024,true],"1536x1536":["https:\/\/www.industrialport.net\/wp-content\/uploads\/2026\/02\/IndustrialBundle_Idstein_Example_2025-01-1086x1536.jpg",1086,1536,true],"2048x2048":["https:\/\/www.industrialport.net\/wp-content\/uploads\/2026\/02\/IndustrialBundle_Idstein_Example_2025-01-1448x2048.jpg",1448,2048,true],"woocommerce_thumbnail":["https:\/\/www.industrialport.net\/wp-content\/uploads\/2026\/02\/IndustrialBundle_Idstein_Example_2025-01-262x371.jpg",262,371,true],"woocommerce_single":["https:\/\/www.industrialport.net\/wp-content\/uploads\/2026\/02\/IndustrialBundle_Idstein_Example_2025-01-720x1018.jpg",720,1018,true],"woocommerce_gallery_thumbnail":["https:\/\/www.industrialport.net\/wp-content\/uploads\/2026\/02\/IndustrialBundle_Idstein_Example_2025-01-100x100.jpg",100,100,true],"etheme-woocommerce-nimi":["https:\/\/www.industrialport.net\/wp-content\/uploads\/2026\/02\/IndustrialBundle_Idstein_Example_2025-01-7x10.jpg",7,10,true],"etheme-nimi":["https:\/\/www.industrialport.net\/wp-content\/uploads\/2026\/02\/IndustrialBundle_Idstein_Example_2025-01-7x10.jpg",7,10,true]},"post_excerpt_stackable_v2":"<p>Everything at a glance: the new IndustrialBundle English! &nbsp; IndustrialPort&#8217;s 10-page market and location analysis is available to all 11,000 German cities and communities. Since 2012. Both in German and in English. The site suitability for hall buildings is displayed as a score value and also graphically on the basis of a heatmap. The heatmap was developed in cooperation with the Hochschule Fresenius. This indicates where settling new hall space or operating existing buildings is worthwhile in the long term. In addition to the basic statistical data for the municipality to be considered, a site survey takes place in the&hellip;<\/p>\n","category_list_v2":"","author_info_v2":{"name":"","url":""},"comments_num_v2":"0 comments","yoast_head":"<!-- This site is optimized with the Yoast SEO Premium plugin v27.4 (Yoast SEO v27.4) - https:\/\/yoast.com\/product\/yoast-seo-premium-wordpress\/ -->\n<title>IndustrialBundle - the new Marketreport by IndustrialPort!<\/title>\n<meta name=\"description\" content=\"At a glance: the new IndustrialBundle! The 10 page location analysis by IndustrialPort is available for all 11,000 german cities &amp; communities. Since 2012.\" \/>\n<meta name=\"robots\" content=\"index, follow, max-snippet:-1, max-image-preview:large, max-video-preview:-1\" \/>\n<link rel=\"canonical\" href=\"https:\/\/www.industrialport.net\/en\/produkt\/industrialbundle\/\" \/>\n<meta property=\"og:locale\" content=\"en_US\" \/>\n<meta property=\"og:type\" content=\"article\" \/>\n<meta property=\"og:title\" content=\"IndustrialBundle Market Report - Germany\" \/>\n<meta property=\"og:description\" content=\"At a glance: the new IndustrialBundle! The 10 page location analysis by IndustrialPort is available for all 11,000 german cities &amp; communities. Since 2012.\" \/>\n<meta property=\"og:url\" content=\"https:\/\/www.industrialport.net\/en\/produkt\/industrialbundle\/\" \/>\n<meta property=\"og:site_name\" content=\"IndustrialPort\" \/>\n<meta property=\"article:modified_time\" content=\"2026-02-23T08:33:38+00:00\" \/>\n<meta property=\"og:image\" content=\"https:\/\/en.industrialport.net\/wp-content\/uploads\/2026\/02\/IndustrialBundle_Idstein_Example_2025-01.jpg\" \/>\n\t<meta property=\"og:image:width\" content=\"1653\" \/>\n\t<meta property=\"og:image:height\" content=\"2338\" \/>\n\t<meta property=\"og:image:type\" content=\"image\/jpeg\" \/>\n<meta name=\"twitter:card\" content=\"summary_large_image\" \/>\n<meta name=\"twitter:site\" content=\"@industrialport\" \/>\n<meta name=\"twitter:label1\" content=\"Est. reading time\" \/>\n\t<meta name=\"twitter:data1\" content=\"3 minutes\" \/>\n<script type=\"application\/ld+json\" class=\"yoast-schema-graph\">{\"@context\":\"https:\\\/\\\/schema.org\",\"@graph\":[{\"@type\":\"WebPage\",\"@id\":\"https:\\\/\\\/www.industrialport.net\\\/en\\\/produkt\\\/industrialbundle\\\/\",\"url\":\"https:\\\/\\\/www.industrialport.net\\\/en\\\/produkt\\\/industrialbundle\\\/\",\"name\":\"IndustrialBundle - the new Marketreport by IndustrialPort!\",\"isPartOf\":{\"@id\":\"https:\\\/\\\/en.industrialport.net\\\/#website\"},\"primaryImageOfPage\":{\"@id\":\"https:\\\/\\\/www.industrialport.net\\\/en\\\/produkt\\\/industrialbundle\\\/#primaryimage\"},\"image\":{\"@id\":\"https:\\\/\\\/www.industrialport.net\\\/en\\\/produkt\\\/industrialbundle\\\/#primaryimage\"},\"thumbnailUrl\":\"https:\\\/\\\/www.industrialport.net\\\/wp-content\\\/uploads\\\/2026\\\/02\\\/IndustrialBundle_Idstein_Example_2025-01.jpg\",\"datePublished\":\"2017-06-14T10:44:30+00:00\",\"dateModified\":\"2026-02-23T08:33:38+00:00\",\"description\":\"At a glance: the new IndustrialBundle! The 10 page location analysis by IndustrialPort is available for all 11,000 german cities & communities. Since 2012.\",\"breadcrumb\":{\"@id\":\"https:\\\/\\\/www.industrialport.net\\\/en\\\/produkt\\\/industrialbundle\\\/#breadcrumb\"},\"inLanguage\":\"en-US\",\"potentialAction\":[{\"@type\":\"ReadAction\",\"target\":[\"https:\\\/\\\/www.industrialport.net\\\/en\\\/produkt\\\/industrialbundle\\\/\"]}]},{\"@type\":\"ImageObject\",\"inLanguage\":\"en-US\",\"@id\":\"https:\\\/\\\/www.industrialport.net\\\/en\\\/produkt\\\/industrialbundle\\\/#primaryimage\",\"url\":\"https:\\\/\\\/www.industrialport.net\\\/wp-content\\\/uploads\\\/2026\\\/02\\\/IndustrialBundle_Idstein_Example_2025-01.jpg\",\"contentUrl\":\"https:\\\/\\\/www.industrialport.net\\\/wp-content\\\/uploads\\\/2026\\\/02\\\/IndustrialBundle_Idstein_Example_2025-01.jpg\",\"width\":1653,\"height\":2338},{\"@type\":\"BreadcrumbList\",\"@id\":\"https:\\\/\\\/www.industrialport.net\\\/en\\\/produkt\\\/industrialbundle\\\/#breadcrumb\",\"itemListElement\":[{\"@type\":\"ListItem\",\"position\":1,\"name\":\"Startseite\",\"item\":\"https:\\\/\\\/www.industrialport.net\\\/en\\\/\"},{\"@type\":\"ListItem\",\"position\":2,\"name\":\"Shop\",\"item\":\"https:\\\/\\\/en.industrialport.net\\\/webshop\\\/\"},{\"@type\":\"ListItem\",\"position\":3,\"name\":\"IndustrialBundle Market Report &#8211; Germany\"}]},{\"@type\":\"WebSite\",\"@id\":\"https:\\\/\\\/en.industrialport.net\\\/#website\",\"url\":\"https:\\\/\\\/en.industrialport.net\\\/\",\"name\":\"IndustrialPort\",\"description\":\"Deutschlands gr\u00f6\u00dfter Datenanbieter f\u00fcr Hallenfl\u00e4chen und deren Standorte\",\"publisher\":{\"@id\":\"https:\\\/\\\/en.industrialport.net\\\/#organization\"},\"potentialAction\":[{\"@type\":\"SearchAction\",\"target\":{\"@type\":\"EntryPoint\",\"urlTemplate\":\"https:\\\/\\\/en.industrialport.net\\\/?s={search_term_string}\"},\"query-input\":{\"@type\":\"PropertyValueSpecification\",\"valueRequired\":true,\"valueName\":\"search_term_string\"}}],\"inLanguage\":\"en-US\"},{\"@type\":\"Organization\",\"@id\":\"https:\\\/\\\/en.industrialport.net\\\/#organization\",\"name\":\"IndustrialPort\",\"url\":\"https:\\\/\\\/en.industrialport.net\\\/\",\"logo\":{\"@type\":\"ImageObject\",\"inLanguage\":\"en-US\",\"@id\":\"https:\\\/\\\/en.industrialport.net\\\/#\\\/schema\\\/logo\\\/image\\\/\",\"url\":\"https:\\\/\\\/www.industrialport.net\\\/wp-content\\\/uploads\\\/2017\\\/12\\\/industrialport-logo-rics-web-240.png\",\"contentUrl\":\"https:\\\/\\\/www.industrialport.net\\\/wp-content\\\/uploads\\\/2017\\\/12\\\/industrialport-logo-rics-web-240.png\",\"width\":240,\"height\":68,\"caption\":\"IndustrialPort\"},\"image\":{\"@id\":\"https:\\\/\\\/en.industrialport.net\\\/#\\\/schema\\\/logo\\\/image\\\/\"},\"sameAs\":[\"https:\\\/\\\/x.com\\\/industrialport\",\"https:\\\/\\\/www.linkedin.com\\\/company\\\/industrialport\\\/\"]}]}<\/script>\n<!-- \/ Yoast SEO Premium plugin. -->","yoast_head_json":{"title":"IndustrialBundle - the new Marketreport by IndustrialPort!","description":"At a glance: the new IndustrialBundle! The 10 page location analysis by IndustrialPort is available for all 11,000 german cities & communities. Since 2012.","robots":{"index":"index","follow":"follow","max-snippet":"max-snippet:-1","max-image-preview":"max-image-preview:large","max-video-preview":"max-video-preview:-1"},"canonical":"https:\/\/www.industrialport.net\/en\/produkt\/industrialbundle\/","og_locale":"en_US","og_type":"article","og_title":"IndustrialBundle Market Report - Germany","og_description":"At a glance: the new IndustrialBundle! The 10 page location analysis by IndustrialPort is available for all 11,000 german cities & communities. Since 2012.","og_url":"https:\/\/www.industrialport.net\/en\/produkt\/industrialbundle\/","og_site_name":"IndustrialPort","article_modified_time":"2026-02-23T08:33:38+00:00","og_image":[{"width":1653,"height":2338,"url":"https:\/\/en.industrialport.net\/wp-content\/uploads\/2026\/02\/IndustrialBundle_Idstein_Example_2025-01.jpg","type":"image\/jpeg"}],"twitter_card":"summary_large_image","twitter_site":"@industrialport","twitter_misc":{"Est. reading time":"3 minutes"},"schema":{"@context":"https:\/\/schema.org","@graph":[{"@type":"WebPage","@id":"https:\/\/www.industrialport.net\/en\/produkt\/industrialbundle\/","url":"https:\/\/www.industrialport.net\/en\/produkt\/industrialbundle\/","name":"IndustrialBundle - the new Marketreport by IndustrialPort!","isPartOf":{"@id":"https:\/\/en.industrialport.net\/#website"},"primaryImageOfPage":{"@id":"https:\/\/www.industrialport.net\/en\/produkt\/industrialbundle\/#primaryimage"},"image":{"@id":"https:\/\/www.industrialport.net\/en\/produkt\/industrialbundle\/#primaryimage"},"thumbnailUrl":"https:\/\/www.industrialport.net\/wp-content\/uploads\/2026\/02\/IndustrialBundle_Idstein_Example_2025-01.jpg","datePublished":"2017-06-14T10:44:30+00:00","dateModified":"2026-02-23T08:33:38+00:00","description":"At a glance: the new IndustrialBundle! The 10 page location analysis by IndustrialPort is available for all 11,000 german cities & communities. Since 2012.","breadcrumb":{"@id":"https:\/\/www.industrialport.net\/en\/produkt\/industrialbundle\/#breadcrumb"},"inLanguage":"en-US","potentialAction":[{"@type":"ReadAction","target":["https:\/\/www.industrialport.net\/en\/produkt\/industrialbundle\/"]}]},{"@type":"ImageObject","inLanguage":"en-US","@id":"https:\/\/www.industrialport.net\/en\/produkt\/industrialbundle\/#primaryimage","url":"https:\/\/www.industrialport.net\/wp-content\/uploads\/2026\/02\/IndustrialBundle_Idstein_Example_2025-01.jpg","contentUrl":"https:\/\/www.industrialport.net\/wp-content\/uploads\/2026\/02\/IndustrialBundle_Idstein_Example_2025-01.jpg","width":1653,"height":2338},{"@type":"BreadcrumbList","@id":"https:\/\/www.industrialport.net\/en\/produkt\/industrialbundle\/#breadcrumb","itemListElement":[{"@type":"ListItem","position":1,"name":"Startseite","item":"https:\/\/www.industrialport.net\/en\/"},{"@type":"ListItem","position":2,"name":"Shop","item":"https:\/\/en.industrialport.net\/webshop\/"},{"@type":"ListItem","position":3,"name":"IndustrialBundle Market Report &#8211; Germany"}]},{"@type":"WebSite","@id":"https:\/\/en.industrialport.net\/#website","url":"https:\/\/en.industrialport.net\/","name":"IndustrialPort","description":"Deutschlands gr\u00f6\u00dfter Datenanbieter f\u00fcr Hallenfl\u00e4chen und deren Standorte","publisher":{"@id":"https:\/\/en.industrialport.net\/#organization"},"potentialAction":[{"@type":"SearchAction","target":{"@type":"EntryPoint","urlTemplate":"https:\/\/en.industrialport.net\/?s={search_term_string}"},"query-input":{"@type":"PropertyValueSpecification","valueRequired":true,"valueName":"search_term_string"}}],"inLanguage":"en-US"},{"@type":"Organization","@id":"https:\/\/en.industrialport.net\/#organization","name":"IndustrialPort","url":"https:\/\/en.industrialport.net\/","logo":{"@type":"ImageObject","inLanguage":"en-US","@id":"https:\/\/en.industrialport.net\/#\/schema\/logo\/image\/","url":"https:\/\/www.industrialport.net\/wp-content\/uploads\/2017\/12\/industrialport-logo-rics-web-240.png","contentUrl":"https:\/\/www.industrialport.net\/wp-content\/uploads\/2017\/12\/industrialport-logo-rics-web-240.png","width":240,"height":68,"caption":"IndustrialPort"},"image":{"@id":"https:\/\/en.industrialport.net\/#\/schema\/logo\/image\/"},"sameAs":["https:\/\/x.com\/industrialport","https:\/\/www.linkedin.com\/company\/industrialport\/"]}]}},"_links":{"self":[{"href":"https:\/\/www.industrialport.net\/en\/wp-json\/wp\/v2\/product\/6932","targetHints":{"allow":["GET"]}}],"collection":[{"href":"https:\/\/www.industrialport.net\/en\/wp-json\/wp\/v2\/product"}],"about":[{"href":"https:\/\/www.industrialport.net\/en\/wp-json\/wp\/v2\/types\/product"}],"wp:featuredmedia":[{"embeddable":true,"href":"https:\/\/www.industrialport.net\/en\/wp-json\/wp\/v2\/media\/59051"}],"wp:attachment":[{"href":"https:\/\/www.industrialport.net\/en\/wp-json\/wp\/v2\/media?parent=6932"}],"wp:term":[{"taxonomy":"brand","embeddable":true,"href":"https:\/\/www.industrialport.net\/en\/wp-json\/wp\/v2\/etheme_brands?post=6932"},{"taxonomy":"product_brand","embeddable":true,"href":"https:\/\/www.industrialport.net\/en\/wp-json\/wp\/v2\/product_brand?post=6932"},{"taxonomy":"product_cat","embeddable":true,"href":"https:\/\/www.industrialport.net\/en\/wp-json\/wp\/v2\/product_cat?post=6932"},{"taxonomy":"product_tag","embeddable":true,"href":"https:\/\/www.industrialport.net\/en\/wp-json\/wp\/v2\/product_tag?post=6932"}],"curies":[{"name":"wp","href":"https:\/\/api.w.org\/{rel}","templated":true}]}}