{"id":59344,"date":"2026-02-19T13:40:04","date_gmt":"2026-02-19T12:40:04","guid":{"rendered":"https:\/\/www.industrialport.net\/produkt\/real-estate-investment-and-esg\/"},"modified":"2026-04-01T13:34:52","modified_gmt":"2026-04-01T11:34:52","slug":"real-estate-investment-and-esg","status":"publish","type":"product","link":"https:\/\/www.industrialport.net\/en\/produkt\/real-estate-investment-and-esg\/","title":{"rendered":"Real Estate Investment and ESG"},"content":{"rendered":"<h1 id=\"product_desc_name\" class=\"productH1\" data-test=\"product-page-product-name\">Real Estate Investment and ESG<\/h1>\n<div class=\"h3\">Real estate investment and ESG across the globe<\/div>\n<div class=\"visible-desktop\">\n<div id=\"updateLongDescriptionDesktop\" class=\"longDescription\">\n<p>This book offers a comprehensive overview of ESG issues in real estate investment, from content to systematic implementation. It combines global, regional and local perspectives, focusing on the specific application and challenges of ESG in real estate investment. The aim of the book is to establish a link between theoretical knowledge and practical application in the field of investment by providing clear explanations of the terminology and abbreviations used in relation to ESG and responsible investment. As a practical toolkit written by 30 authors from different professional backgrounds and nationalities, it helps readers to take a holistic view of ESG issues in real estate investment, make informed decisions and implement ESG in real estate investment practice.<\/p>\n<\/div>\n<h4>Our Managing Director, Peter Salostowitz, contributed to this book as author of chapter #3.4 ESG valuation: A status assessment in uncertain times.<\/h4>\n<div id=\"updateLongDescriptionDesktop\" class=\"longDescription\">\n<p><strong>Contents:<\/strong><\/p>\n<ul>\n<li>Global ESG dynamics and standards<\/li>\n<li>The real estate investment market, ESG &amp; investment, finance, greenwashing<\/li>\n<li>Due diligence, valuation, and user perspective<\/li>\n<li>Deep dives, f. ex. CRREM, water, brownfields, insurance and AI<\/li>\n<li>Contracts, procurement, and regulatory frameworks<\/li>\n<li>Global, regional and local perspectives, spanning from Africa, Asia, EU &amp; UK to the US and Latin America<\/li>\n<\/ul>\n<\/div>\n<\/div>\n<p>&nbsp;<\/p>\n<table id=\"includedServices\" style=\"height: 143px;\" width=\"300\" cellspacing=\"0\">\n<tbody>\n<tr class=\"attribute_item_editors_wrapper\">\n<th>Publisher:<\/th>\n<td><a>Sabine Wieduwilt<\/a><\/td>\n<\/tr>\n<tr class=\"attribute_item_language_wrapper\">\n<th scope=\"row\">Language:<\/th>\n<td class=\"attribute_item_language\">English<\/td>\n<\/tr>\n<tr class=\"attribute_item_edition_wrapper\">\n<th class=\"book_tmpl_show\" scope=\"row\">Edition:<\/th>\n<td class=\"attribute_item_edition\">1st edition 2026<\/td>\n<\/tr>\n<tr class=\"attribute_item_unitAmount_wrapper\">\n<th scope=\"row\">Scope:<\/th>\n<td><span class=\"attribute_item_unitAmount\">390<\/span><br \/>\n<span class=\"attribute_item_unitDimension\">Pages<\/span><\/td>\n<\/tr>\n<\/tbody>\n<\/table>\n","protected":false},"excerpt":{"rendered":"<section class=\"product_authors productH2\"><a href=\"https:\/\/shop.haufe.de\/sabine-wieduwilt-buecher\">Sabine Wieduwilt<\/a><\/section>\n<h2 class=\"productH2\">A guide and toolkit for practitioners across the globe<\/h2>\n<ul id=\"top_feature_list\" data-test=\"product-page-usp\">\n<li>Introduction to the implementation of ESG issues in real estate investments<\/li>\n<li>Global ESG dynamics and standards<\/li>\n<li class=\"last\">Investment approaches, property investments, investor types, ESG factor<\/li>\n<\/ul>\n","protected":false},"featured_media":58954,"template":"","meta":[],"etheme_brands":[],"product_brand":[],"product_cat":[574],"product_tag":[],"class_list":{"0":"post-59344","1":"product","2":"type-product","3":"status-publish","4":"has-post-thumbnail","6":"product_cat-professionalliterature","7":"pa_jahr-780","9":"first","10":"instock","11":"taxable","12":"shipping-taxable","13":"product-type-external"},"featured_image_urls_v2":{"full":["https:\/\/www.industrialport.net\/wp-content\/uploads\/2026\/02\/Haufe-real-estate-investment-and-esg.avif",648,648,false],"thumbnail":["https:\/\/www.industrialport.net\/wp-content\/uploads\/2026\/02\/Haufe-real-estate-investment-and-esg-150x150.jpg",150,150,true],"medium":["https:\/\/www.industrialport.net\/wp-content\/uploads\/2026\/02\/Haufe-real-estate-investment-and-esg-300x300.jpg",300,300,true],"medium_large":["https:\/\/www.industrialport.net\/wp-content\/uploads\/2026\/02\/Haufe-real-estate-investment-and-esg.avif",648,648,false],"large":["https:\/\/www.industrialport.net\/wp-content\/uploads\/2026\/02\/Haufe-real-estate-investment-and-esg.avif",648,648,false],"1536x1536":["https:\/\/www.industrialport.net\/wp-content\/uploads\/2026\/02\/Haufe-real-estate-investment-and-esg.avif",648,648,false],"2048x2048":["https:\/\/www.industrialport.net\/wp-content\/uploads\/2026\/02\/Haufe-real-estate-investment-and-esg.avif",648,648,false],"woocommerce_thumbnail":["https:\/\/www.industrialport.net\/wp-content\/uploads\/2026\/02\/Haufe-real-estate-investment-and-esg-262x262.jpg",262,262,true],"woocommerce_single":["https:\/\/www.industrialport.net\/wp-content\/uploads\/2026\/02\/Haufe-real-estate-investment-and-esg.avif",648,648,false],"woocommerce_gallery_thumbnail":["https:\/\/www.industrialport.net\/wp-content\/uploads\/2026\/02\/Haufe-real-estate-investment-and-esg-100x100.jpg",100,100,true],"etheme-woocommerce-nimi":["https:\/\/www.industrialport.net\/wp-content\/uploads\/2026\/02\/Haufe-real-estate-investment-and-esg-10x10.jpg",10,10,true],"etheme-nimi":["https:\/\/www.industrialport.net\/wp-content\/uploads\/2026\/02\/Haufe-real-estate-investment-and-esg-10x10.jpg",10,10,true]},"post_excerpt_stackable_v2":"<section class=\"product_authors productH2\"><a href=\"https:\/\/shop.haufe.de\/sabine-wieduwilt-buecher\">Sabine Wieduwilt<\/a><\/section>\n<h2 class=\"productH2\">A guide and toolkit for practitioners across the globe<\/h2>\n<ul id=\"top_feature_list\" data-test=\"product-page-usp\">\n<li>Introduction to the implementation of ESG issues in real estate investments<\/li>\n<li>Global ESG dynamics and standards<\/li>\n<li class=\"last\">Investment approaches, property investments, investor types, ESG factor<\/li>\n<\/ul>\n","category_list_v2":"","author_info_v2":{"name":"","url":""},"comments_num_v2":"0 comments","yoast_head":"<!-- This site is optimized with the Yoast SEO Premium plugin v27.4 (Yoast SEO v27.4) - https:\/\/yoast.com\/product\/yoast-seo-premium-wordpress\/ -->\n<title>Real Estate Investment and ESG - IndustrialPort<\/title>\n<meta name=\"description\" content=\"The book &quot;Real Estate Investment and ESG&quot; presents the practical implementation of ESG criteria in real estate investment and provides detailed information on regional differences and case studies. Practical advice helps readers understand ESG issues and make informed investment decisions.\" \/>\n<meta name=\"robots\" content=\"index, follow, max-snippet:-1, max-image-preview:large, max-video-preview:-1\" \/>\n<link rel=\"canonical\" href=\"https:\/\/www.industrialport.net\/en\/produkt\/real-estate-investment-and-esg\/\" \/>\n<meta property=\"og:locale\" content=\"en_US\" \/>\n<meta property=\"og:type\" content=\"article\" \/>\n<meta property=\"og:title\" content=\"Real Estate Investment and ESG\" \/>\n<meta property=\"og:description\" content=\"The book &quot;Real Estate Investment and ESG&quot; presents the practical implementation of ESG criteria in real estate investment and provides detailed information on regional differences and case studies. Practical advice helps readers understand ESG issues and make informed investment decisions.\" \/>\n<meta property=\"og:url\" content=\"https:\/\/www.industrialport.net\/en\/produkt\/real-estate-investment-and-esg\/\" \/>\n<meta property=\"og:site_name\" content=\"IndustrialPort\" \/>\n<meta property=\"article:modified_time\" content=\"2026-04-01T11:34:52+00:00\" \/>\n<meta name=\"twitter:card\" content=\"summary_large_image\" \/>\n<meta name=\"twitter:site\" content=\"@industrialport\" \/>\n<meta name=\"twitter:label1\" content=\"Est. reading time\" \/>\n\t<meta name=\"twitter:data1\" content=\"1 minute\" \/>\n<script type=\"application\/ld+json\" class=\"yoast-schema-graph\">{\"@context\":\"https:\\\/\\\/schema.org\",\"@graph\":[{\"@type\":\"WebPage\",\"@id\":\"https:\\\/\\\/www.industrialport.net\\\/en\\\/produkt\\\/real-estate-investment-and-esg\\\/\",\"url\":\"https:\\\/\\\/www.industrialport.net\\\/en\\\/produkt\\\/real-estate-investment-and-esg\\\/\",\"name\":\"Real Estate Investment and ESG - IndustrialPort\",\"isPartOf\":{\"@id\":\"https:\\\/\\\/en.industrialport.net\\\/#website\"},\"primaryImageOfPage\":{\"@id\":\"https:\\\/\\\/www.industrialport.net\\\/en\\\/produkt\\\/real-estate-investment-and-esg\\\/#primaryimage\"},\"image\":{\"@id\":\"https:\\\/\\\/www.industrialport.net\\\/en\\\/produkt\\\/real-estate-investment-and-esg\\\/#primaryimage\"},\"thumbnailUrl\":\"https:\\\/\\\/www.industrialport.net\\\/wp-content\\\/uploads\\\/2026\\\/02\\\/Haufe-real-estate-investment-and-esg.avif\",\"datePublished\":\"2026-02-19T12:40:04+00:00\",\"dateModified\":\"2026-04-01T11:34:52+00:00\",\"description\":\"The book \\\"Real Estate Investment and ESG\\\" presents the practical implementation of ESG criteria in real estate investment and provides detailed information on regional differences and case studies. Practical advice helps readers understand ESG issues and make informed investment decisions.\",\"breadcrumb\":{\"@id\":\"https:\\\/\\\/www.industrialport.net\\\/en\\\/produkt\\\/real-estate-investment-and-esg\\\/#breadcrumb\"},\"inLanguage\":\"en-US\",\"potentialAction\":[{\"@type\":\"ReadAction\",\"target\":[\"https:\\\/\\\/www.industrialport.net\\\/en\\\/produkt\\\/real-estate-investment-and-esg\\\/\"]}]},{\"@type\":\"ImageObject\",\"inLanguage\":\"en-US\",\"@id\":\"https:\\\/\\\/www.industrialport.net\\\/en\\\/produkt\\\/real-estate-investment-and-esg\\\/#primaryimage\",\"url\":\"https:\\\/\\\/www.industrialport.net\\\/wp-content\\\/uploads\\\/2026\\\/02\\\/Haufe-real-estate-investment-and-esg.avif\",\"contentUrl\":\"https:\\\/\\\/www.industrialport.net\\\/wp-content\\\/uploads\\\/2026\\\/02\\\/Haufe-real-estate-investment-and-esg.avif\",\"width\":648,\"height\":648,\"caption\":\"Real Estate Investment and ESG\"},{\"@type\":\"BreadcrumbList\",\"@id\":\"https:\\\/\\\/www.industrialport.net\\\/en\\\/produkt\\\/real-estate-investment-and-esg\\\/#breadcrumb\",\"itemListElement\":[{\"@type\":\"ListItem\",\"position\":1,\"name\":\"Startseite\",\"item\":\"https:\\\/\\\/www.industrialport.net\\\/en\\\/\"},{\"@type\":\"ListItem\",\"position\":2,\"name\":\"Shop\",\"item\":\"https:\\\/\\\/en.industrialport.net\\\/webshop\\\/\"},{\"@type\":\"ListItem\",\"position\":3,\"name\":\"Real Estate Investment and ESG\"}]},{\"@type\":\"WebSite\",\"@id\":\"https:\\\/\\\/en.industrialport.net\\\/#website\",\"url\":\"https:\\\/\\\/en.industrialport.net\\\/\",\"name\":\"IndustrialPort\",\"description\":\"Deutschlands gr\u00f6\u00dfter Datenanbieter f\u00fcr Hallenfl\u00e4chen und deren Standorte\",\"publisher\":{\"@id\":\"https:\\\/\\\/en.industrialport.net\\\/#organization\"},\"potentialAction\":[{\"@type\":\"SearchAction\",\"target\":{\"@type\":\"EntryPoint\",\"urlTemplate\":\"https:\\\/\\\/en.industrialport.net\\\/?s={search_term_string}\"},\"query-input\":{\"@type\":\"PropertyValueSpecification\",\"valueRequired\":true,\"valueName\":\"search_term_string\"}}],\"inLanguage\":\"en-US\"},{\"@type\":\"Organization\",\"@id\":\"https:\\\/\\\/en.industrialport.net\\\/#organization\",\"name\":\"IndustrialPort\",\"url\":\"https:\\\/\\\/en.industrialport.net\\\/\",\"logo\":{\"@type\":\"ImageObject\",\"inLanguage\":\"en-US\",\"@id\":\"https:\\\/\\\/en.industrialport.net\\\/#\\\/schema\\\/logo\\\/image\\\/\",\"url\":\"https:\\\/\\\/www.industrialport.net\\\/wp-content\\\/uploads\\\/2017\\\/12\\\/industrialport-logo-rics-web-240.png\",\"contentUrl\":\"https:\\\/\\\/www.industrialport.net\\\/wp-content\\\/uploads\\\/2017\\\/12\\\/industrialport-logo-rics-web-240.png\",\"width\":240,\"height\":68,\"caption\":\"IndustrialPort\"},\"image\":{\"@id\":\"https:\\\/\\\/en.industrialport.net\\\/#\\\/schema\\\/logo\\\/image\\\/\"},\"sameAs\":[\"https:\\\/\\\/x.com\\\/industrialport\",\"https:\\\/\\\/www.linkedin.com\\\/company\\\/industrialport\\\/\"]}]}<\/script>\n<!-- \/ Yoast SEO Premium plugin. -->","yoast_head_json":{"title":"Real Estate Investment and ESG - IndustrialPort","description":"The book \"Real Estate Investment and ESG\" presents the practical implementation of ESG criteria in real estate investment and provides detailed information on regional differences and case studies. Practical advice helps readers understand ESG issues and make informed investment decisions.","robots":{"index":"index","follow":"follow","max-snippet":"max-snippet:-1","max-image-preview":"max-image-preview:large","max-video-preview":"max-video-preview:-1"},"canonical":"https:\/\/www.industrialport.net\/en\/produkt\/real-estate-investment-and-esg\/","og_locale":"en_US","og_type":"article","og_title":"Real Estate Investment and ESG","og_description":"The book \"Real Estate Investment and ESG\" presents the practical implementation of ESG criteria in real estate investment and provides detailed information on regional differences and case studies. Practical advice helps readers understand ESG issues and make informed investment decisions.","og_url":"https:\/\/www.industrialport.net\/en\/produkt\/real-estate-investment-and-esg\/","og_site_name":"IndustrialPort","article_modified_time":"2026-04-01T11:34:52+00:00","twitter_card":"summary_large_image","twitter_site":"@industrialport","twitter_misc":{"Est. reading time":"1 minute"},"schema":{"@context":"https:\/\/schema.org","@graph":[{"@type":"WebPage","@id":"https:\/\/www.industrialport.net\/en\/produkt\/real-estate-investment-and-esg\/","url":"https:\/\/www.industrialport.net\/en\/produkt\/real-estate-investment-and-esg\/","name":"Real Estate Investment and ESG - IndustrialPort","isPartOf":{"@id":"https:\/\/en.industrialport.net\/#website"},"primaryImageOfPage":{"@id":"https:\/\/www.industrialport.net\/en\/produkt\/real-estate-investment-and-esg\/#primaryimage"},"image":{"@id":"https:\/\/www.industrialport.net\/en\/produkt\/real-estate-investment-and-esg\/#primaryimage"},"thumbnailUrl":"https:\/\/www.industrialport.net\/wp-content\/uploads\/2026\/02\/Haufe-real-estate-investment-and-esg.avif","datePublished":"2026-02-19T12:40:04+00:00","dateModified":"2026-04-01T11:34:52+00:00","description":"The book \"Real Estate Investment and ESG\" presents the practical implementation of ESG criteria in real estate investment and provides detailed information on regional differences and case studies. Practical advice helps readers understand ESG issues and make informed investment decisions.","breadcrumb":{"@id":"https:\/\/www.industrialport.net\/en\/produkt\/real-estate-investment-and-esg\/#breadcrumb"},"inLanguage":"en-US","potentialAction":[{"@type":"ReadAction","target":["https:\/\/www.industrialport.net\/en\/produkt\/real-estate-investment-and-esg\/"]}]},{"@type":"ImageObject","inLanguage":"en-US","@id":"https:\/\/www.industrialport.net\/en\/produkt\/real-estate-investment-and-esg\/#primaryimage","url":"https:\/\/www.industrialport.net\/wp-content\/uploads\/2026\/02\/Haufe-real-estate-investment-and-esg.avif","contentUrl":"https:\/\/www.industrialport.net\/wp-content\/uploads\/2026\/02\/Haufe-real-estate-investment-and-esg.avif","width":648,"height":648,"caption":"Real Estate Investment and ESG"},{"@type":"BreadcrumbList","@id":"https:\/\/www.industrialport.net\/en\/produkt\/real-estate-investment-and-esg\/#breadcrumb","itemListElement":[{"@type":"ListItem","position":1,"name":"Startseite","item":"https:\/\/www.industrialport.net\/en\/"},{"@type":"ListItem","position":2,"name":"Shop","item":"https:\/\/en.industrialport.net\/webshop\/"},{"@type":"ListItem","position":3,"name":"Real Estate Investment and ESG"}]},{"@type":"WebSite","@id":"https:\/\/en.industrialport.net\/#website","url":"https:\/\/en.industrialport.net\/","name":"IndustrialPort","description":"Deutschlands gr\u00f6\u00dfter Datenanbieter f\u00fcr Hallenfl\u00e4chen und deren Standorte","publisher":{"@id":"https:\/\/en.industrialport.net\/#organization"},"potentialAction":[{"@type":"SearchAction","target":{"@type":"EntryPoint","urlTemplate":"https:\/\/en.industrialport.net\/?s={search_term_string}"},"query-input":{"@type":"PropertyValueSpecification","valueRequired":true,"valueName":"search_term_string"}}],"inLanguage":"en-US"},{"@type":"Organization","@id":"https:\/\/en.industrialport.net\/#organization","name":"IndustrialPort","url":"https:\/\/en.industrialport.net\/","logo":{"@type":"ImageObject","inLanguage":"en-US","@id":"https:\/\/en.industrialport.net\/#\/schema\/logo\/image\/","url":"https:\/\/www.industrialport.net\/wp-content\/uploads\/2017\/12\/industrialport-logo-rics-web-240.png","contentUrl":"https:\/\/www.industrialport.net\/wp-content\/uploads\/2017\/12\/industrialport-logo-rics-web-240.png","width":240,"height":68,"caption":"IndustrialPort"},"image":{"@id":"https:\/\/en.industrialport.net\/#\/schema\/logo\/image\/"},"sameAs":["https:\/\/x.com\/industrialport","https:\/\/www.linkedin.com\/company\/industrialport\/"]}]}},"_links":{"self":[{"href":"https:\/\/www.industrialport.net\/en\/wp-json\/wp\/v2\/product\/59344","targetHints":{"allow":["GET"]}}],"collection":[{"href":"https:\/\/www.industrialport.net\/en\/wp-json\/wp\/v2\/product"}],"about":[{"href":"https:\/\/www.industrialport.net\/en\/wp-json\/wp\/v2\/types\/product"}],"wp:featuredmedia":[{"embeddable":true,"href":"https:\/\/www.industrialport.net\/en\/wp-json\/wp\/v2\/media\/58954"}],"wp:attachment":[{"href":"https:\/\/www.industrialport.net\/en\/wp-json\/wp\/v2\/media?parent=59344"}],"wp:term":[{"taxonomy":"brand","embeddable":true,"href":"https:\/\/www.industrialport.net\/en\/wp-json\/wp\/v2\/etheme_brands?post=59344"},{"taxonomy":"product_brand","embeddable":true,"href":"https:\/\/www.industrialport.net\/en\/wp-json\/wp\/v2\/product_brand?post=59344"},{"taxonomy":"product_cat","embeddable":true,"href":"https:\/\/www.industrialport.net\/en\/wp-json\/wp\/v2\/product_cat?post=59344"},{"taxonomy":"product_tag","embeddable":true,"href":"https:\/\/www.industrialport.net\/en\/wp-json\/wp\/v2\/product_tag?post=59344"}],"curies":[{"name":"wp","href":"https:\/\/api.w.org\/{rel}","templated":true}]}}