{"id":59343,"date":"2025-07-14T10:17:56","date_gmt":"2025-07-14T08:17:56","guid":{"rendered":"https:\/\/www.industrialport.net\/produkt\/implementing-esg-into-real-estate-contracts\/"},"modified":"2026-04-01T13:34:49","modified_gmt":"2026-04-01T11:34:49","slug":"implementing-esg-into-real-estate-contracts","status":"publish","type":"product","link":"https:\/\/www.industrialport.net\/en\/produkt\/implementing-esg-into-real-estate-contracts\/","title":{"rendered":"Implementing ESG into Real Estate Contracts"},"content":{"rendered":"<h1 id=\"product_desc_name\" class=\"productH1\" data-test=\"product-page-product-name\">Implementing ESG into Real Estate Contracts<\/h1>\n<p>This book looks into different aspects of implementing ESG into real estate contracts from a European perspective. It covers general aspects, contract-type specific aspects and then property usage-type specific aspects. General topics cover legal frameworks, the social and governance perspective based on EU sustainable finance regulations. Contract-type specific questions cover different contract types. The team of authors then addresses specific issues relating to different types of property use such as office, retail, logistics, hospitality and data centres. The focus of the work is on EU, so that the content can provide food for thought for the work in different EU countries. The book thus supports practitioners in compiling their personal toolkit for use in individual cases.<\/p>\n<p><strong>Content:<\/strong><\/p>\n<ul>\n<li>Terms, concepts and basics of sustainability, CSR and ESG<\/li>\n<li>What ESG in real estate contracts means<\/li>\n<li>Standards for (non-financial) sustainability reporting, CSRD and ESRS<\/li>\n<li>Climate litigation, energy and renewables, data<\/li>\n<li>Sustainability and competition law, brownfields<\/li>\n<li>Pre-contracts and recitals<\/li>\n<li>ESG and real estate investment, leases, real estate financing<\/li>\n<\/ul>\n<h4>Our Managing Director, Peter Salostowitz, contributed to this book as the author of chapter #3.4 Logistics.<\/h4>\n<p>&nbsp;<\/p>\n<ul>\n<li>Series: <a href=\"https:\/\/shop.haufe.de\/prod\/implementing-esg-into-real-estate-contracts\">Haufe Fachbuch<\/a><\/li>\n<li>Place of publication: Freiburg<\/li>\n<li>Language: English<\/li>\n<li>Theme world: Economy<\/li>\n<li>Keywords: climate litigation &#8211; CSR &#8211; CSRD &#8211; Data &#8211; Energy &#8211; ESG &#8211; ESRS &#8211; EU &#8211; EU standard &#8211; Hospitality &#8211; logistic &#8211; Office &#8211; Real Estate Contract &#8211; Regulation &#8211; Renewables &#8211; Reporting &#8211; Sabine Wieduwilt &#8211; Sustainablily<\/li>\n<\/ul>\n<p>ISBN-10 3-648-18204-8 \/ 3648182048<br \/>\nISBN-13 978-3-648-18204-8 \/ 9783648182048<\/p>\n","protected":false},"excerpt":{"rendered":"<section class=\"product_authors productH2\"><a href=\"https:\/\/shop.haufe.de\/sabine-wieduwilt-buecher\">Sabine Wieduwilt<\/a><\/section>\n<h4 class=\"productH2\">A guide and toolkit for practitioners from a European perspective<\/h4>\n<ul id=\"top_feature_list\" data-test=\"product-page-usp\">\n<li>Obligation to implement the ESG in different types of contracts<\/li>\n<li>Overview and guidance for specific contract types<\/li>\n<li class=\"last\">Toolkit for use in individual cases<\/li>\n<\/ul>\n<p><span style=\"color: #0000ff;\"> <a style=\"color: #0000ff;\" href=\"https:\/\/www.dentons.com\/en\/insights\/podcasts\/implementing-esg-into-real-estate-contracts\">Bonus Podcast \ud83d\udd17<\/a><\/span><\/p>\n","protected":false},"featured_media":55872,"template":"","meta":[],"etheme_brands":[],"product_brand":[],"product_cat":[574],"product_tag":[],"class_list":{"0":"post-59343","1":"product","2":"type-product","3":"status-publish","4":"has-post-thumbnail","6":"product_cat-professionalliterature","7":"pa_jahr-780","9":"first","10":"instock","11":"taxable","12":"shipping-taxable","13":"product-type-external"},"featured_image_urls_v2":{"full":["https:\/\/www.industrialport.net\/wp-content\/uploads\/2025\/01\/implesg.png",1200,1200,false],"thumbnail":["https:\/\/www.industrialport.net\/wp-content\/uploads\/2025\/01\/implesg-150x150.png",150,150,true],"medium":["https:\/\/www.industrialport.net\/wp-content\/uploads\/2025\/01\/implesg-300x300.png",300,300,true],"medium_large":["https:\/\/www.industrialport.net\/wp-content\/uploads\/2025\/01\/implesg-768x768.png",768,768,true],"large":["https:\/\/www.industrialport.net\/wp-content\/uploads\/2025\/01\/implesg-1024x1024.png",1024,1024,true],"1536x1536":["https:\/\/www.industrialport.net\/wp-content\/uploads\/2025\/01\/implesg.png",1200,1200,false],"2048x2048":["https:\/\/www.industrialport.net\/wp-content\/uploads\/2025\/01\/implesg.png",1200,1200,false],"woocommerce_thumbnail":["https:\/\/www.industrialport.net\/wp-content\/uploads\/2025\/01\/implesg-262x262.png",262,262,true],"woocommerce_single":["https:\/\/www.industrialport.net\/wp-content\/uploads\/2025\/01\/implesg-720x720.png",720,720,true],"woocommerce_gallery_thumbnail":["https:\/\/www.industrialport.net\/wp-content\/uploads\/2025\/01\/implesg-100x100.png",100,100,true],"etheme-woocommerce-nimi":["https:\/\/www.industrialport.net\/wp-content\/uploads\/2025\/01\/implesg-10x10.png",10,10,true],"etheme-nimi":["https:\/\/www.industrialport.net\/wp-content\/uploads\/2025\/01\/implesg-10x10.png",10,10,true]},"post_excerpt_stackable_v2":"<section class=\"product_authors productH2\"><a href=\"https:\/\/shop.haufe.de\/sabine-wieduwilt-buecher\">Sabine Wieduwilt<\/a><\/section>\n<h4 class=\"productH2\">A guide and toolkit for practitioners from a European perspective<\/h4>\n<ul id=\"top_feature_list\" data-test=\"product-page-usp\">\n<li>Obligation to implement the ESG in different types of contracts<\/li>\n<li>Overview and guidance for specific contract types<\/li>\n<li class=\"last\">Toolkit for use in individual cases<\/li>\n<\/ul>\n<p><span style=\"color: #0000ff;\"> <a style=\"color: #0000ff;\" href=\"https:\/\/www.dentons.com\/en\/insights\/podcasts\/implementing-esg-into-real-estate-contracts\">Bonus Podcast \ud83d\udd17<\/a><\/span><\/p>\n","category_list_v2":"","author_info_v2":{"name":"","url":""},"comments_num_v2":"0 comments","yoast_head":"<!-- This site is optimized with the Yoast SEO Premium plugin v27.4 (Yoast SEO v27.4) - https:\/\/yoast.com\/product\/yoast-seo-premium-wordpress\/ -->\n<title>Implementing ESG into Real Estate Contracts - IndustrialPort<\/title>\n<meta name=\"description\" content=\"Implementing ESG into Real Estate Contracts provides an overview of the implementation of ESG issues and regulations in real estate contracts. It covers general and specific contract types as well as different types of property use, such as office, retail, logistics and hospitality.\" \/>\n<meta name=\"robots\" content=\"index, follow, max-snippet:-1, max-image-preview:large, max-video-preview:-1\" \/>\n<link rel=\"canonical\" href=\"https:\/\/www.industrialport.net\/en\/produkt\/implementing-esg-into-real-estate-contracts\/\" \/>\n<meta property=\"og:locale\" content=\"en_US\" \/>\n<meta property=\"og:type\" content=\"article\" \/>\n<meta property=\"og:title\" content=\"Implementing ESG into Real Estate Contracts\" \/>\n<meta property=\"og:description\" content=\"Implementing ESG into Real Estate Contracts provides an overview of the implementation of ESG issues and regulations in real estate contracts. It covers general and specific contract types as well as different types of property use, such as office, retail, logistics and hospitality.\" \/>\n<meta property=\"og:url\" content=\"https:\/\/www.industrialport.net\/en\/produkt\/implementing-esg-into-real-estate-contracts\/\" \/>\n<meta property=\"og:site_name\" content=\"IndustrialPort\" \/>\n<meta property=\"article:modified_time\" content=\"2026-04-01T11:34:49+00:00\" \/>\n<meta property=\"og:image\" content=\"https:\/\/www.industrialport.net\/wp-content\/uploads\/2025\/01\/implesg.png\" \/>\n\t<meta property=\"og:image:width\" content=\"1200\" \/>\n\t<meta property=\"og:image:height\" content=\"1200\" \/>\n\t<meta property=\"og:image:type\" content=\"image\/png\" \/>\n<meta name=\"twitter:card\" content=\"summary_large_image\" \/>\n<meta name=\"twitter:site\" content=\"@industrialport\" \/>\n<meta name=\"twitter:label1\" content=\"Est. reading time\" \/>\n\t<meta name=\"twitter:data1\" content=\"1 minute\" \/>\n<script type=\"application\/ld+json\" class=\"yoast-schema-graph\">{\"@context\":\"https:\\\/\\\/schema.org\",\"@graph\":[{\"@type\":\"WebPage\",\"@id\":\"https:\\\/\\\/www.industrialport.net\\\/en\\\/produkt\\\/implementing-esg-into-real-estate-contracts\\\/\",\"url\":\"https:\\\/\\\/www.industrialport.net\\\/en\\\/produkt\\\/implementing-esg-into-real-estate-contracts\\\/\",\"name\":\"Implementing ESG into Real Estate Contracts - IndustrialPort\",\"isPartOf\":{\"@id\":\"https:\\\/\\\/en.industrialport.net\\\/#website\"},\"primaryImageOfPage\":{\"@id\":\"https:\\\/\\\/www.industrialport.net\\\/en\\\/produkt\\\/implementing-esg-into-real-estate-contracts\\\/#primaryimage\"},\"image\":{\"@id\":\"https:\\\/\\\/www.industrialport.net\\\/en\\\/produkt\\\/implementing-esg-into-real-estate-contracts\\\/#primaryimage\"},\"thumbnailUrl\":\"https:\\\/\\\/www.industrialport.net\\\/wp-content\\\/uploads\\\/2025\\\/01\\\/implesg.png\",\"datePublished\":\"2025-07-14T08:17:56+00:00\",\"dateModified\":\"2026-04-01T11:34:49+00:00\",\"description\":\"Implementing ESG into Real Estate Contracts provides an overview of the implementation of ESG issues and regulations in real estate contracts. It covers general and specific contract types as well as different types of property use, such as office, retail, logistics and hospitality.\",\"breadcrumb\":{\"@id\":\"https:\\\/\\\/www.industrialport.net\\\/en\\\/produkt\\\/implementing-esg-into-real-estate-contracts\\\/#breadcrumb\"},\"inLanguage\":\"en-US\",\"potentialAction\":[{\"@type\":\"ReadAction\",\"target\":[\"https:\\\/\\\/www.industrialport.net\\\/en\\\/produkt\\\/implementing-esg-into-real-estate-contracts\\\/\"]}]},{\"@type\":\"ImageObject\",\"inLanguage\":\"en-US\",\"@id\":\"https:\\\/\\\/www.industrialport.net\\\/en\\\/produkt\\\/implementing-esg-into-real-estate-contracts\\\/#primaryimage\",\"url\":\"https:\\\/\\\/www.industrialport.net\\\/wp-content\\\/uploads\\\/2025\\\/01\\\/implesg.png\",\"contentUrl\":\"https:\\\/\\\/www.industrialport.net\\\/wp-content\\\/uploads\\\/2025\\\/01\\\/implesg.png\",\"width\":1200,\"height\":1200,\"caption\":\"implesg image\"},{\"@type\":\"BreadcrumbList\",\"@id\":\"https:\\\/\\\/www.industrialport.net\\\/en\\\/produkt\\\/implementing-esg-into-real-estate-contracts\\\/#breadcrumb\",\"itemListElement\":[{\"@type\":\"ListItem\",\"position\":1,\"name\":\"Startseite\",\"item\":\"https:\\\/\\\/www.industrialport.net\\\/en\\\/\"},{\"@type\":\"ListItem\",\"position\":2,\"name\":\"Shop\",\"item\":\"https:\\\/\\\/en.industrialport.net\\\/webshop\\\/\"},{\"@type\":\"ListItem\",\"position\":3,\"name\":\"Implementing ESG into Real Estate Contracts\"}]},{\"@type\":\"WebSite\",\"@id\":\"https:\\\/\\\/en.industrialport.net\\\/#website\",\"url\":\"https:\\\/\\\/en.industrialport.net\\\/\",\"name\":\"IndustrialPort\",\"description\":\"Deutschlands gr\u00f6\u00dfter Datenanbieter f\u00fcr Hallenfl\u00e4chen und deren Standorte\",\"publisher\":{\"@id\":\"https:\\\/\\\/en.industrialport.net\\\/#organization\"},\"potentialAction\":[{\"@type\":\"SearchAction\",\"target\":{\"@type\":\"EntryPoint\",\"urlTemplate\":\"https:\\\/\\\/en.industrialport.net\\\/?s={search_term_string}\"},\"query-input\":{\"@type\":\"PropertyValueSpecification\",\"valueRequired\":true,\"valueName\":\"search_term_string\"}}],\"inLanguage\":\"en-US\"},{\"@type\":\"Organization\",\"@id\":\"https:\\\/\\\/en.industrialport.net\\\/#organization\",\"name\":\"IndustrialPort\",\"url\":\"https:\\\/\\\/en.industrialport.net\\\/\",\"logo\":{\"@type\":\"ImageObject\",\"inLanguage\":\"en-US\",\"@id\":\"https:\\\/\\\/en.industrialport.net\\\/#\\\/schema\\\/logo\\\/image\\\/\",\"url\":\"https:\\\/\\\/www.industrialport.net\\\/wp-content\\\/uploads\\\/2017\\\/12\\\/industrialport-logo-rics-web-240.png\",\"contentUrl\":\"https:\\\/\\\/www.industrialport.net\\\/wp-content\\\/uploads\\\/2017\\\/12\\\/industrialport-logo-rics-web-240.png\",\"width\":240,\"height\":68,\"caption\":\"IndustrialPort\"},\"image\":{\"@id\":\"https:\\\/\\\/en.industrialport.net\\\/#\\\/schema\\\/logo\\\/image\\\/\"},\"sameAs\":[\"https:\\\/\\\/x.com\\\/industrialport\",\"https:\\\/\\\/www.linkedin.com\\\/company\\\/industrialport\\\/\"]}]}<\/script>\n<!-- \/ Yoast SEO Premium plugin. -->","yoast_head_json":{"title":"Implementing ESG into Real Estate Contracts - IndustrialPort","description":"Implementing ESG into Real Estate Contracts provides an overview of the implementation of ESG issues and regulations in real estate contracts. It covers general and specific contract types as well as different types of property use, such as office, retail, logistics and hospitality.","robots":{"index":"index","follow":"follow","max-snippet":"max-snippet:-1","max-image-preview":"max-image-preview:large","max-video-preview":"max-video-preview:-1"},"canonical":"https:\/\/www.industrialport.net\/en\/produkt\/implementing-esg-into-real-estate-contracts\/","og_locale":"en_US","og_type":"article","og_title":"Implementing ESG into Real Estate Contracts","og_description":"Implementing ESG into Real Estate Contracts provides an overview of the implementation of ESG issues and regulations in real estate contracts. It covers general and specific contract types as well as different types of property use, such as office, retail, logistics and hospitality.","og_url":"https:\/\/www.industrialport.net\/en\/produkt\/implementing-esg-into-real-estate-contracts\/","og_site_name":"IndustrialPort","article_modified_time":"2026-04-01T11:34:49+00:00","og_image":[{"width":1200,"height":1200,"url":"https:\/\/www.industrialport.net\/wp-content\/uploads\/2025\/01\/implesg.png","type":"image\/png"}],"twitter_card":"summary_large_image","twitter_site":"@industrialport","twitter_misc":{"Est. reading time":"1 minute"},"schema":{"@context":"https:\/\/schema.org","@graph":[{"@type":"WebPage","@id":"https:\/\/www.industrialport.net\/en\/produkt\/implementing-esg-into-real-estate-contracts\/","url":"https:\/\/www.industrialport.net\/en\/produkt\/implementing-esg-into-real-estate-contracts\/","name":"Implementing ESG into Real Estate Contracts - IndustrialPort","isPartOf":{"@id":"https:\/\/en.industrialport.net\/#website"},"primaryImageOfPage":{"@id":"https:\/\/www.industrialport.net\/en\/produkt\/implementing-esg-into-real-estate-contracts\/#primaryimage"},"image":{"@id":"https:\/\/www.industrialport.net\/en\/produkt\/implementing-esg-into-real-estate-contracts\/#primaryimage"},"thumbnailUrl":"https:\/\/www.industrialport.net\/wp-content\/uploads\/2025\/01\/implesg.png","datePublished":"2025-07-14T08:17:56+00:00","dateModified":"2026-04-01T11:34:49+00:00","description":"Implementing ESG into Real Estate Contracts provides an overview of the implementation of ESG issues and regulations in real estate contracts. It covers general and specific contract types as well as different types of property use, such as office, retail, logistics and hospitality.","breadcrumb":{"@id":"https:\/\/www.industrialport.net\/en\/produkt\/implementing-esg-into-real-estate-contracts\/#breadcrumb"},"inLanguage":"en-US","potentialAction":[{"@type":"ReadAction","target":["https:\/\/www.industrialport.net\/en\/produkt\/implementing-esg-into-real-estate-contracts\/"]}]},{"@type":"ImageObject","inLanguage":"en-US","@id":"https:\/\/www.industrialport.net\/en\/produkt\/implementing-esg-into-real-estate-contracts\/#primaryimage","url":"https:\/\/www.industrialport.net\/wp-content\/uploads\/2025\/01\/implesg.png","contentUrl":"https:\/\/www.industrialport.net\/wp-content\/uploads\/2025\/01\/implesg.png","width":1200,"height":1200,"caption":"implesg image"},{"@type":"BreadcrumbList","@id":"https:\/\/www.industrialport.net\/en\/produkt\/implementing-esg-into-real-estate-contracts\/#breadcrumb","itemListElement":[{"@type":"ListItem","position":1,"name":"Startseite","item":"https:\/\/www.industrialport.net\/en\/"},{"@type":"ListItem","position":2,"name":"Shop","item":"https:\/\/en.industrialport.net\/webshop\/"},{"@type":"ListItem","position":3,"name":"Implementing ESG into Real Estate Contracts"}]},{"@type":"WebSite","@id":"https:\/\/en.industrialport.net\/#website","url":"https:\/\/en.industrialport.net\/","name":"IndustrialPort","description":"Deutschlands gr\u00f6\u00dfter Datenanbieter f\u00fcr Hallenfl\u00e4chen und deren Standorte","publisher":{"@id":"https:\/\/en.industrialport.net\/#organization"},"potentialAction":[{"@type":"SearchAction","target":{"@type":"EntryPoint","urlTemplate":"https:\/\/en.industrialport.net\/?s={search_term_string}"},"query-input":{"@type":"PropertyValueSpecification","valueRequired":true,"valueName":"search_term_string"}}],"inLanguage":"en-US"},{"@type":"Organization","@id":"https:\/\/en.industrialport.net\/#organization","name":"IndustrialPort","url":"https:\/\/en.industrialport.net\/","logo":{"@type":"ImageObject","inLanguage":"en-US","@id":"https:\/\/en.industrialport.net\/#\/schema\/logo\/image\/","url":"https:\/\/www.industrialport.net\/wp-content\/uploads\/2017\/12\/industrialport-logo-rics-web-240.png","contentUrl":"https:\/\/www.industrialport.net\/wp-content\/uploads\/2017\/12\/industrialport-logo-rics-web-240.png","width":240,"height":68,"caption":"IndustrialPort"},"image":{"@id":"https:\/\/en.industrialport.net\/#\/schema\/logo\/image\/"},"sameAs":["https:\/\/x.com\/industrialport","https:\/\/www.linkedin.com\/company\/industrialport\/"]}]}},"_links":{"self":[{"href":"https:\/\/www.industrialport.net\/en\/wp-json\/wp\/v2\/product\/59343","targetHints":{"allow":["GET"]}}],"collection":[{"href":"https:\/\/www.industrialport.net\/en\/wp-json\/wp\/v2\/product"}],"about":[{"href":"https:\/\/www.industrialport.net\/en\/wp-json\/wp\/v2\/types\/product"}],"wp:featuredmedia":[{"embeddable":true,"href":"https:\/\/www.industrialport.net\/en\/wp-json\/wp\/v2\/media\/55872"}],"wp:attachment":[{"href":"https:\/\/www.industrialport.net\/en\/wp-json\/wp\/v2\/media?parent=59343"}],"wp:term":[{"taxonomy":"brand","embeddable":true,"href":"https:\/\/www.industrialport.net\/en\/wp-json\/wp\/v2\/etheme_brands?post=59343"},{"taxonomy":"product_brand","embeddable":true,"href":"https:\/\/www.industrialport.net\/en\/wp-json\/wp\/v2\/product_brand?post=59343"},{"taxonomy":"product_cat","embeddable":true,"href":"https:\/\/www.industrialport.net\/en\/wp-json\/wp\/v2\/product_cat?post=59343"},{"taxonomy":"product_tag","embeddable":true,"href":"https:\/\/www.industrialport.net\/en\/wp-json\/wp\/v2\/product_tag?post=59343"}],"curies":[{"name":"wp","href":"https:\/\/api.w.org\/{rel}","templated":true}]}}