{"id":54080,"date":"2024-04-09T16:21:48","date_gmt":"2024-04-09T14:21:48","guid":{"rendered":"https:\/\/www.industrialport.net\/?post_type=product&#038;p=54080"},"modified":"2025-07-22T16:40:03","modified_gmt":"2025-07-22T14:40:03","slug":"industrialbundle-eu-the-market-report-for-industrial-real-estate","status":"publish","type":"product","link":"https:\/\/www.industrialport.net\/en\/produkt\/industrialbundle-eu-the-market-report-for-industrial-real-estate\/","title":{"rendered":"IndustrialBundle EU \u2013 The Market Report for Industrial Real Estate in the Netherlands, Belgium, France, Spain, Italy, Austria, Poland and the Czech Republic"},"content":{"rendered":"<h2>IndustrialBundle EU \u2013 The Market Report for Industrial Real Estate<\/h2>\n<p><img decoding=\"async\" class=\"alignright wp-image-54099 size-large\" title=\"IndustrialBundle EU \u2013 The Market Report for Industrial Real Estate\" src=\"https:\/\/www.industrialport.net\/wp-content\/uploads\/2024\/04\/EU_Bundle_hochkant-2-311x1024.png\" alt=\"IndustrialBundle EU \u2013 The Market Report for Industrial Real Estate\" width=\"200\" height=\"600\" \/><\/p>\n<p>Discover the IndustrialBundle EU \u2013 a comprehensive market report for industrial real estate in Europe. The IndustrialBundle EU is the result of years of research and offers in-depth insights into this market segment.<\/p>\n<h3><strong>Report Highlights:<\/strong><\/h3>\n<p><strong>Statistical Basic Data:<\/strong> Gain access to a collection of socio-economic data. These data provide you with insight into the market environment and support your investment decisions.<\/p>\n<p><strong>Special Industrial Real Estate Heatmap:<\/strong> Our revolutionary heatmap shows you the suitability of sites for industrial real estate at a glance. Based on a comprehensive evaluation model that combines a cross-border distance model with diverse statistical data, this heatmap delivers a clear and intuitive representation of the optimal locations. Locations are classified from AAA (the most suitable sites that meet the highest requirements) to C (the least suitable sites), ensuring easy comparability.<\/p>\n<p><strong>Comparison of Parameters:<\/strong> Our report enables a direct comparison of various parameters at federal, state, and district levels. This detailed juxtaposition offers you the opportunity to precisely analyze the attractiveness and potentials of different locations.<\/p>\n<p><strong>Rents and Property Interest Rates:<\/strong> Stay one step ahead with the latest information on rents and property interest rates. Understand how these critical financial metrics affect the valuation and profitability of industrial real estate.<\/p>\n<p>The &#8220;IndustrialBundle EU \u2013 The Market Report for Industrial Real Estate&#8221; is an indispensable tool for investors, developers, appraisers, and all stakeholders in the field of industrial real estate. With this report in hand, you are well-equipped to make informed decisions and optimally utilize the opportunities in the European market for industrial real estate.<\/p>\n<p><strong>Navigate through the European industrial real estate market from now on with the research you trust.<\/strong><\/p>\n<p>&nbsp;<\/p>\n<div style=\"background: linear-gradient(to right,#0A8FD4,#001688); color: #fff; padding: 10px;\"><span style=\"color: #ffffff;\"><strong>Would you like to see a sample of the market report?<\/strong><\/span><\/div>\n<div style=\"background: linear-gradient(to right,#0A8FD4,#001688); color: #fff; padding: 10px;\"><a target=\"_blank\" class=\"btn  big\" href=\"https:\/\/www.industrialport.net\/samples-industrialbundle-eu-english\/\"><span> SHOW SAMPLES<\/span><\/a><\/div>\n<div><\/div>\n","protected":false},"excerpt":{"rendered":"<p>IndustrialBundle EU \u2013 The Market Report for Industrial Real Estate Discover the IndustrialBundle EU \u2013 a comprehensive market report for industrial real estate in Europe&#8230;.<\/p>\n","protected":false},"featured_media":54473,"template":"","meta":[],"etheme_brands":[],"product_brand":[],"product_cat":[321],"product_tag":[],"class_list":{"0":"post-54080","1":"product","2":"type-product","3":"status-publish","4":"has-post-thumbnail","6":"product_cat-marketreports-by-industrialport","8":"first","9":"instock","10":"downloadable","11":"virtual","12":"taxable","13":"purchasable","14":"product-type-simple"},"featured_image_urls_v2":{"full":["https:\/\/www.industrialport.net\/wp-content\/uploads\/2024\/04\/IndustrialBundle-EU-v2-1.png",1600,2000,false],"thumbnail":["https:\/\/www.industrialport.net\/wp-content\/uploads\/2024\/04\/IndustrialBundle-EU-v2-1-150x150.png",150,150,true],"medium":["https:\/\/www.industrialport.net\/wp-content\/uploads\/2024\/04\/IndustrialBundle-EU-v2-1-240x300.png",240,300,true],"medium_large":["https:\/\/www.industrialport.net\/wp-content\/uploads\/2024\/04\/IndustrialBundle-EU-v2-1-768x960.png",768,960,true],"large":["https:\/\/www.industrialport.net\/wp-content\/uploads\/2024\/04\/IndustrialBundle-EU-v2-1-819x1024.png",819,1024,true],"1536x1536":["https:\/\/www.industrialport.net\/wp-content\/uploads\/2024\/04\/IndustrialBundle-EU-v2-1-1229x1536.png",1229,1536,true],"2048x2048":["https:\/\/www.industrialport.net\/wp-content\/uploads\/2024\/04\/IndustrialBundle-EU-v2-1.png",1600,2000,false],"woocommerce_thumbnail":["https:\/\/www.industrialport.net\/wp-content\/uploads\/2024\/04\/IndustrialBundle-EU-v2-1-262x328.png",262,328,true],"woocommerce_single":["https:\/\/www.industrialport.net\/wp-content\/uploads\/2024\/04\/IndustrialBundle-EU-v2-1-720x900.png",720,900,true],"woocommerce_gallery_thumbnail":["https:\/\/www.industrialport.net\/wp-content\/uploads\/2024\/04\/IndustrialBundle-EU-v2-1-100x100.png",100,100,true],"etheme-woocommerce-nimi":["https:\/\/www.industrialport.net\/wp-content\/uploads\/2024\/04\/IndustrialBundle-EU-v2-1-8x10.png",8,10,true],"etheme-nimi":["https:\/\/www.industrialport.net\/wp-content\/uploads\/2024\/04\/IndustrialBundle-EU-v2-1-8x10.png",8,10,true]},"post_excerpt_stackable_v2":"<p>IndustrialBundle EU \u2013 The Market Report for Industrial Real Estate Discover the IndustrialBundle EU \u2013 a comprehensive market report for industrial real estate in Europe. The IndustrialBundle EU is the result of years of research and offers in-depth insights into this market segment. Report Highlights: Statistical Basic Data: Gain access to a collection of socio-economic data. These data provide you with insight into the market environment and support your investment decisions. Special Industrial Real Estate Heatmap: Our revolutionary heatmap shows you the suitability of sites for industrial real estate at a glance. Based on a comprehensive evaluation model that combines&hellip;<\/p>\n","category_list_v2":"","author_info_v2":{"name":"","url":""},"comments_num_v2":"0 comments","yoast_head":"<!-- This site is optimized with the Yoast SEO Premium plugin v27.4 (Yoast SEO v27.4) - https:\/\/yoast.com\/product\/yoast-seo-premium-wordpress\/ -->\n<title>IndustrialBundle EU \u2013 The Market Report for Industrial Real Estate in the Netherlands, Belgium, France, Spain, Italy, Austria, Poland and the Czech Republic - IndustrialPort<\/title>\n<meta name=\"description\" content=\"IndustrialBundle EU \u2013 The Market Report for Industrial Real Estate \u2013 Trusted Data for the dynamic market of industrial real estate.\" \/>\n<meta name=\"robots\" content=\"index, follow, max-snippet:-1, max-image-preview:large, max-video-preview:-1\" \/>\n<link rel=\"canonical\" href=\"https:\/\/www.industrialport.net\/en\/produkt\/industrialbundle-eu-the-market-report-for-industrial-real-estate\/\" \/>\n<meta property=\"og:locale\" content=\"en_US\" \/>\n<meta property=\"og:type\" content=\"article\" \/>\n<meta property=\"og:title\" content=\"IndustrialBundle EU \u2013 The Market Report for Industrial Real Estate in the Netherlands, Belgium, France, Spain, Italy, Austria, Poland and the Czech Republic\" \/>\n<meta property=\"og:description\" content=\"IndustrialBundle EU \u2013 The Market Report for Industrial Real Estate \u2013 Trusted Data for the dynamic market of industrial real estate.\" \/>\n<meta property=\"og:url\" content=\"https:\/\/www.industrialport.net\/en\/produkt\/industrialbundle-eu-the-market-report-for-industrial-real-estate\/\" \/>\n<meta property=\"og:site_name\" content=\"IndustrialPort\" \/>\n<meta property=\"article:modified_time\" content=\"2025-07-22T14:40:03+00:00\" \/>\n<meta property=\"og:image\" content=\"https:\/\/www.industrialport.net\/wp-content\/uploads\/2024\/04\/IndustrialBundle-EU-v2-1.png\" \/>\n\t<meta property=\"og:image:width\" content=\"1600\" \/>\n\t<meta property=\"og:image:height\" content=\"2000\" \/>\n\t<meta property=\"og:image:type\" content=\"image\/png\" \/>\n<meta name=\"twitter:card\" content=\"summary_large_image\" \/>\n<meta name=\"twitter:site\" content=\"@industrialport\" \/>\n<meta name=\"twitter:label1\" content=\"Est. reading time\" \/>\n\t<meta name=\"twitter:data1\" content=\"2 minutes\" \/>\n<script type=\"application\/ld+json\" class=\"yoast-schema-graph\">{\"@context\":\"https:\\\/\\\/schema.org\",\"@graph\":[{\"@type\":\"WebPage\",\"@id\":\"https:\\\/\\\/www.industrialport.net\\\/en\\\/produkt\\\/industrialbundle-eu-the-market-report-for-industrial-real-estate\\\/\",\"url\":\"https:\\\/\\\/www.industrialport.net\\\/en\\\/produkt\\\/industrialbundle-eu-the-market-report-for-industrial-real-estate\\\/\",\"name\":\"IndustrialBundle EU \u2013 The Market Report for Industrial Real Estate in the Netherlands, Belgium, France, Spain, Italy, Austria, Poland and the Czech Republic - IndustrialPort\",\"isPartOf\":{\"@id\":\"https:\\\/\\\/en.industrialport.net\\\/#website\"},\"primaryImageOfPage\":{\"@id\":\"https:\\\/\\\/www.industrialport.net\\\/en\\\/produkt\\\/industrialbundle-eu-the-market-report-for-industrial-real-estate\\\/#primaryimage\"},\"image\":{\"@id\":\"https:\\\/\\\/www.industrialport.net\\\/en\\\/produkt\\\/industrialbundle-eu-the-market-report-for-industrial-real-estate\\\/#primaryimage\"},\"thumbnailUrl\":\"https:\\\/\\\/www.industrialport.net\\\/wp-content\\\/uploads\\\/2024\\\/04\\\/IndustrialBundle-EU-v2-1.png\",\"datePublished\":\"2024-04-09T14:21:48+00:00\",\"dateModified\":\"2025-07-22T14:40:03+00:00\",\"description\":\"IndustrialBundle EU \u2013 The Market Report for Industrial Real Estate \u2013 Trusted Data for the dynamic market of industrial real estate.\",\"breadcrumb\":{\"@id\":\"https:\\\/\\\/www.industrialport.net\\\/en\\\/produkt\\\/industrialbundle-eu-the-market-report-for-industrial-real-estate\\\/#breadcrumb\"},\"inLanguage\":\"en-US\",\"potentialAction\":[{\"@type\":\"ReadAction\",\"target\":[\"https:\\\/\\\/www.industrialport.net\\\/en\\\/produkt\\\/industrialbundle-eu-the-market-report-for-industrial-real-estate\\\/\"]}]},{\"@type\":\"ImageObject\",\"inLanguage\":\"en-US\",\"@id\":\"https:\\\/\\\/www.industrialport.net\\\/en\\\/produkt\\\/industrialbundle-eu-the-market-report-for-industrial-real-estate\\\/#primaryimage\",\"url\":\"https:\\\/\\\/www.industrialport.net\\\/wp-content\\\/uploads\\\/2024\\\/04\\\/IndustrialBundle-EU-v2-1.png\",\"contentUrl\":\"https:\\\/\\\/www.industrialport.net\\\/wp-content\\\/uploads\\\/2024\\\/04\\\/IndustrialBundle-EU-v2-1.png\",\"width\":1600,\"height\":2000,\"caption\":\"IndustrialBundle EU Product Image\"},{\"@type\":\"BreadcrumbList\",\"@id\":\"https:\\\/\\\/www.industrialport.net\\\/en\\\/produkt\\\/industrialbundle-eu-the-market-report-for-industrial-real-estate\\\/#breadcrumb\",\"itemListElement\":[{\"@type\":\"ListItem\",\"position\":1,\"name\":\"Startseite\",\"item\":\"https:\\\/\\\/www.industrialport.net\\\/en\\\/\"},{\"@type\":\"ListItem\",\"position\":2,\"name\":\"Shop\",\"item\":\"https:\\\/\\\/en.industrialport.net\\\/webshop\\\/\"},{\"@type\":\"ListItem\",\"position\":3,\"name\":\"IndustrialBundle EU \u2013 The Market Report for Industrial Real Estate in the Netherlands, Belgium, France, Spain, Italy, Austria, Poland and the Czech Republic\"}]},{\"@type\":\"WebSite\",\"@id\":\"https:\\\/\\\/en.industrialport.net\\\/#website\",\"url\":\"https:\\\/\\\/en.industrialport.net\\\/\",\"name\":\"IndustrialPort\",\"description\":\"Deutschlands gr\u00f6\u00dfter Datenanbieter f\u00fcr Hallenfl\u00e4chen und deren Standorte\",\"publisher\":{\"@id\":\"https:\\\/\\\/en.industrialport.net\\\/#organization\"},\"potentialAction\":[{\"@type\":\"SearchAction\",\"target\":{\"@type\":\"EntryPoint\",\"urlTemplate\":\"https:\\\/\\\/en.industrialport.net\\\/?s={search_term_string}\"},\"query-input\":{\"@type\":\"PropertyValueSpecification\",\"valueRequired\":true,\"valueName\":\"search_term_string\"}}],\"inLanguage\":\"en-US\"},{\"@type\":\"Organization\",\"@id\":\"https:\\\/\\\/en.industrialport.net\\\/#organization\",\"name\":\"IndustrialPort\",\"url\":\"https:\\\/\\\/en.industrialport.net\\\/\",\"logo\":{\"@type\":\"ImageObject\",\"inLanguage\":\"en-US\",\"@id\":\"https:\\\/\\\/en.industrialport.net\\\/#\\\/schema\\\/logo\\\/image\\\/\",\"url\":\"https:\\\/\\\/www.industrialport.net\\\/wp-content\\\/uploads\\\/2017\\\/12\\\/industrialport-logo-rics-web-240.png\",\"contentUrl\":\"https:\\\/\\\/www.industrialport.net\\\/wp-content\\\/uploads\\\/2017\\\/12\\\/industrialport-logo-rics-web-240.png\",\"width\":240,\"height\":68,\"caption\":\"IndustrialPort\"},\"image\":{\"@id\":\"https:\\\/\\\/en.industrialport.net\\\/#\\\/schema\\\/logo\\\/image\\\/\"},\"sameAs\":[\"https:\\\/\\\/x.com\\\/industrialport\",\"https:\\\/\\\/www.linkedin.com\\\/company\\\/industrialport\\\/\"]}]}<\/script>\n<!-- \/ Yoast SEO Premium plugin. -->","yoast_head_json":{"title":"IndustrialBundle EU \u2013 The Market Report for Industrial Real Estate in the Netherlands, Belgium, France, Spain, Italy, Austria, Poland and the Czech Republic - IndustrialPort","description":"IndustrialBundle EU \u2013 The Market Report for Industrial Real Estate \u2013 Trusted Data for the dynamic market of industrial real estate.","robots":{"index":"index","follow":"follow","max-snippet":"max-snippet:-1","max-image-preview":"max-image-preview:large","max-video-preview":"max-video-preview:-1"},"canonical":"https:\/\/www.industrialport.net\/en\/produkt\/industrialbundle-eu-the-market-report-for-industrial-real-estate\/","og_locale":"en_US","og_type":"article","og_title":"IndustrialBundle EU \u2013 The Market Report for Industrial Real Estate in the Netherlands, Belgium, France, Spain, Italy, Austria, Poland and the Czech Republic","og_description":"IndustrialBundle EU \u2013 The Market Report for Industrial Real Estate \u2013 Trusted Data for the dynamic market of industrial real estate.","og_url":"https:\/\/www.industrialport.net\/en\/produkt\/industrialbundle-eu-the-market-report-for-industrial-real-estate\/","og_site_name":"IndustrialPort","article_modified_time":"2025-07-22T14:40:03+00:00","og_image":[{"width":1600,"height":2000,"url":"https:\/\/www.industrialport.net\/wp-content\/uploads\/2024\/04\/IndustrialBundle-EU-v2-1.png","type":"image\/png"}],"twitter_card":"summary_large_image","twitter_site":"@industrialport","twitter_misc":{"Est. reading time":"2 minutes"},"schema":{"@context":"https:\/\/schema.org","@graph":[{"@type":"WebPage","@id":"https:\/\/www.industrialport.net\/en\/produkt\/industrialbundle-eu-the-market-report-for-industrial-real-estate\/","url":"https:\/\/www.industrialport.net\/en\/produkt\/industrialbundle-eu-the-market-report-for-industrial-real-estate\/","name":"IndustrialBundle EU \u2013 The Market Report for Industrial Real Estate in the Netherlands, Belgium, France, Spain, Italy, Austria, Poland and the Czech Republic - IndustrialPort","isPartOf":{"@id":"https:\/\/en.industrialport.net\/#website"},"primaryImageOfPage":{"@id":"https:\/\/www.industrialport.net\/en\/produkt\/industrialbundle-eu-the-market-report-for-industrial-real-estate\/#primaryimage"},"image":{"@id":"https:\/\/www.industrialport.net\/en\/produkt\/industrialbundle-eu-the-market-report-for-industrial-real-estate\/#primaryimage"},"thumbnailUrl":"https:\/\/www.industrialport.net\/wp-content\/uploads\/2024\/04\/IndustrialBundle-EU-v2-1.png","datePublished":"2024-04-09T14:21:48+00:00","dateModified":"2025-07-22T14:40:03+00:00","description":"IndustrialBundle EU \u2013 The Market Report for Industrial Real Estate \u2013 Trusted Data for the dynamic market of industrial real estate.","breadcrumb":{"@id":"https:\/\/www.industrialport.net\/en\/produkt\/industrialbundle-eu-the-market-report-for-industrial-real-estate\/#breadcrumb"},"inLanguage":"en-US","potentialAction":[{"@type":"ReadAction","target":["https:\/\/www.industrialport.net\/en\/produkt\/industrialbundle-eu-the-market-report-for-industrial-real-estate\/"]}]},{"@type":"ImageObject","inLanguage":"en-US","@id":"https:\/\/www.industrialport.net\/en\/produkt\/industrialbundle-eu-the-market-report-for-industrial-real-estate\/#primaryimage","url":"https:\/\/www.industrialport.net\/wp-content\/uploads\/2024\/04\/IndustrialBundle-EU-v2-1.png","contentUrl":"https:\/\/www.industrialport.net\/wp-content\/uploads\/2024\/04\/IndustrialBundle-EU-v2-1.png","width":1600,"height":2000,"caption":"IndustrialBundle EU Product Image"},{"@type":"BreadcrumbList","@id":"https:\/\/www.industrialport.net\/en\/produkt\/industrialbundle-eu-the-market-report-for-industrial-real-estate\/#breadcrumb","itemListElement":[{"@type":"ListItem","position":1,"name":"Startseite","item":"https:\/\/www.industrialport.net\/en\/"},{"@type":"ListItem","position":2,"name":"Shop","item":"https:\/\/en.industrialport.net\/webshop\/"},{"@type":"ListItem","position":3,"name":"IndustrialBundle EU \u2013 The Market Report for Industrial Real Estate in the Netherlands, Belgium, France, Spain, Italy, Austria, Poland and the Czech Republic"}]},{"@type":"WebSite","@id":"https:\/\/en.industrialport.net\/#website","url":"https:\/\/en.industrialport.net\/","name":"IndustrialPort","description":"Deutschlands gr\u00f6\u00dfter Datenanbieter f\u00fcr Hallenfl\u00e4chen und deren Standorte","publisher":{"@id":"https:\/\/en.industrialport.net\/#organization"},"potentialAction":[{"@type":"SearchAction","target":{"@type":"EntryPoint","urlTemplate":"https:\/\/en.industrialport.net\/?s={search_term_string}"},"query-input":{"@type":"PropertyValueSpecification","valueRequired":true,"valueName":"search_term_string"}}],"inLanguage":"en-US"},{"@type":"Organization","@id":"https:\/\/en.industrialport.net\/#organization","name":"IndustrialPort","url":"https:\/\/en.industrialport.net\/","logo":{"@type":"ImageObject","inLanguage":"en-US","@id":"https:\/\/en.industrialport.net\/#\/schema\/logo\/image\/","url":"https:\/\/www.industrialport.net\/wp-content\/uploads\/2017\/12\/industrialport-logo-rics-web-240.png","contentUrl":"https:\/\/www.industrialport.net\/wp-content\/uploads\/2017\/12\/industrialport-logo-rics-web-240.png","width":240,"height":68,"caption":"IndustrialPort"},"image":{"@id":"https:\/\/en.industrialport.net\/#\/schema\/logo\/image\/"},"sameAs":["https:\/\/x.com\/industrialport","https:\/\/www.linkedin.com\/company\/industrialport\/"]}]}},"_links":{"self":[{"href":"https:\/\/www.industrialport.net\/en\/wp-json\/wp\/v2\/product\/54080","targetHints":{"allow":["GET"]}}],"collection":[{"href":"https:\/\/www.industrialport.net\/en\/wp-json\/wp\/v2\/product"}],"about":[{"href":"https:\/\/www.industrialport.net\/en\/wp-json\/wp\/v2\/types\/product"}],"wp:featuredmedia":[{"embeddable":true,"href":"https:\/\/www.industrialport.net\/en\/wp-json\/wp\/v2\/media\/54473"}],"wp:attachment":[{"href":"https:\/\/www.industrialport.net\/en\/wp-json\/wp\/v2\/media?parent=54080"}],"wp:term":[{"taxonomy":"brand","embeddable":true,"href":"https:\/\/www.industrialport.net\/en\/wp-json\/wp\/v2\/etheme_brands?post=54080"},{"taxonomy":"product_brand","embeddable":true,"href":"https:\/\/www.industrialport.net\/en\/wp-json\/wp\/v2\/product_brand?post=54080"},{"taxonomy":"product_cat","embeddable":true,"href":"https:\/\/www.industrialport.net\/en\/wp-json\/wp\/v2\/product_cat?post=54080"},{"taxonomy":"product_tag","embeddable":true,"href":"https:\/\/www.industrialport.net\/en\/wp-json\/wp\/v2\/product_tag?post=54080"}],"curies":[{"name":"wp","href":"https:\/\/api.w.org\/{rel}","templated":true}]}}