{"id":6115,"date":"2018-06-08T13:22:51","date_gmt":"2018-06-08T11:22:51","guid":{"rendered":"https:\/\/www.industrialport.net\/site-notice\/"},"modified":"2025-10-21T09:55:51","modified_gmt":"2025-10-21T07:55:51","slug":"imprint","status":"publish","type":"page","link":"https:\/\/www.industrialport.net\/en\/imprint\/","title":{"rendered":"Imprint"},"content":{"rendered":"\n<!DOCTYPE html>\n<html lang=\"de\">\n<head>\n    <meta charset=\"utf-8\">\n    <title><p><strong><span style=\"font-size:16px\">Supplier Identification<\/span><\/strong><\/p><\/title>\n    <style> * { font-family: DejaVu Sans; } <\/style>\n<\/head>\n<body>\n    <p><strong><span style=\"font-size:16px\">Supplier Identification<\/span><\/strong><\/p>\n    \n            <p><strong>IndustrialPort Real Estate GmbH &#038; Co. KG<\/strong><\/p>\n            <p>Rodergasse 15<br \/> 65510 Idstein<br \/> Deutschland<\/p>\n            <p>Phone: 06126 9 79 00 02<\/p> \n            <p>E-mail: info@industrialport.net<\/p>\n            <p>Registered at: Wiesbaden, HRA 9699<\/p>\n            <p>Entitled to represent IndustrialPort Real Estate GmbH &#038; Co. KG is IndustrialPort Management GmbH<\/p> \n            <p>which is represented by its Managing Director: Peter Salostowitz<\/p>\n            <p>Commercial Register of the general partner: Amtsgericht Wiesbaden, HRB 9699 <\/p>  \n            <p>Value added tax registration number(s): DE281790028<\/p>  \n            <p>Professional indemnity insurance:<br \/> Allianz Versicherung<br \/> K\u00f6niginstra\u00dfe 28<br \/> 80802 M\u00fcnchen<br \/> The territorial scope of the insurance covers activities in unbegrenzt.<\/p> \n             <p>Competent authority for audiovisual media services:<br> <br> Medienanstalt Hessen<br> Wilhelmsh\u00f6her Allee 262<br> 34131 Kassel<br> Deutschland<\/p> \n             <p>In accordance with the statutory provisions, our company is exempt from the scope of the accessibility requirements and thus from the obligation to provide an accessibility statement. <\/p> \n    <\/body>\n<\/html>\n\n","protected":false},"excerpt":{"rendered":"<p>Supplier Identification Supplier Identification IndustrialPort Real Estate GmbH &#038; Co. KG Rodergasse 15 65510 Idstein Deutschland Phone: 06126 9 79 00 02 E-mail: info@industrialport.net Registered&#8230;<\/p>\n","protected":false},"author":1,"featured_media":0,"parent":0,"menu_order":0,"comment_status":"closed","ping_status":"closed","template":"","meta":{"footnotes":""},"class_list":["post-6115","page","type-page","status-publish","hentry"],"featured_image_urls_v2":{"full":"","thumbnail":"","medium":"","medium_large":"","large":"","1536x1536":"","2048x2048":"","woocommerce_thumbnail":"","woocommerce_single":"","woocommerce_gallery_thumbnail":"","etheme-woocommerce-nimi":"","etheme-nimi":""},"post_excerpt_stackable_v2":"<p>Supplier Identification Supplier Identification IndustrialPort Real Estate GmbH &#038; Co. KG Rodergasse 15 65510 Idstein Deutschland Phone: 06126 9 79 00 02 E-mail: info@industrialport.net Registered at: Wiesbaden, HRA 9699 Entitled to represent IndustrialPort Real Estate GmbH &#038; Co. KG is IndustrialPort Management GmbH which is represented by its Managing Director: Peter Salostowitz Commercial Register of the general partner: Amtsgericht Wiesbaden, HRB 9699 Value added tax registration number(s): DE281790028 Professional indemnity insurance: Allianz Versicherung K\u00f6niginstra\u00dfe 28 80802 M\u00fcnchen The territorial scope of the insurance covers activities in unbegrenzt. Competent authority for audiovisual media services: Medienanstalt Hessen Wilhelmsh\u00f6her Allee 262 34131 Kassel&hellip;<\/p>\n","category_list_v2":"","author_info_v2":{"name":"mk mediaconcept","url":"https:\/\/www.industrialport.net\/en\/blog\/author\/admin\/"},"comments_num_v2":"0 comments","yoast_head":"<!-- This site is optimized with the Yoast SEO Premium plugin v27.4 (Yoast SEO v27.4) - https:\/\/yoast.com\/product\/yoast-seo-premium-wordpress\/ -->\n<title>The imprint of IndustrialPort from Idstein, Taunus.<\/title>\n<meta name=\"description\" content=\"The imprint of IndustrialPort of Idstein; as a service provider, we are responsible for our own content on these pages in accordance with the Telemedia Act (TMG).\" \/>\n<meta name=\"robots\" content=\"index, follow, max-snippet:-1, max-image-preview:large, max-video-preview:-1\" \/>\n<link rel=\"canonical\" href=\"https:\/\/www.industrialport.net\/en\/imprint\/\" \/>\n<meta property=\"og:locale\" content=\"en_US\" \/>\n<meta property=\"og:type\" content=\"article\" \/>\n<meta property=\"og:title\" content=\"Imprint\" \/>\n<meta property=\"og:description\" content=\"The imprint of IndustrialPort of Idstein; as a service provider, we are responsible for our own content on these pages in accordance with the Telemedia Act (TMG).\" \/>\n<meta property=\"og:url\" content=\"https:\/\/www.industrialport.net\/en\/imprint\/\" \/>\n<meta property=\"og:site_name\" content=\"IndustrialPort\" \/>\n<meta property=\"article:modified_time\" content=\"2025-10-21T07:55:51+00:00\" \/>\n<meta name=\"twitter:card\" content=\"summary_large_image\" \/>\n<meta name=\"twitter:site\" content=\"@industrialport\" \/>\n<meta name=\"twitter:label1\" content=\"Est. reading time\" \/>\n\t<meta name=\"twitter:data1\" content=\"1 minute\" \/>\n<script type=\"application\/ld+json\" class=\"yoast-schema-graph\">{\"@context\":\"https:\\\/\\\/schema.org\",\"@graph\":[{\"@type\":\"WebPage\",\"@id\":\"https:\\\/\\\/www.industrialport.net\\\/en\\\/imprint\\\/\",\"url\":\"https:\\\/\\\/www.industrialport.net\\\/en\\\/imprint\\\/\",\"name\":\"The imprint of IndustrialPort from Idstein, Taunus.\",\"isPartOf\":{\"@id\":\"https:\\\/\\\/en.industrialport.net\\\/#website\"},\"datePublished\":\"2018-06-08T11:22:51+00:00\",\"dateModified\":\"2025-10-21T07:55:51+00:00\",\"description\":\"The imprint of IndustrialPort of Idstein; as a service provider, we are responsible for our own content on these pages in accordance with the Telemedia Act (TMG).\",\"breadcrumb\":{\"@id\":\"https:\\\/\\\/www.industrialport.net\\\/en\\\/imprint\\\/#breadcrumb\"},\"inLanguage\":\"en-US\",\"potentialAction\":[{\"@type\":\"ReadAction\",\"target\":[\"https:\\\/\\\/www.industrialport.net\\\/en\\\/imprint\\\/\"]}]},{\"@type\":\"BreadcrumbList\",\"@id\":\"https:\\\/\\\/www.industrialport.net\\\/en\\\/imprint\\\/#breadcrumb\",\"itemListElement\":[{\"@type\":\"ListItem\",\"position\":1,\"name\":\"Startseite\",\"item\":\"https:\\\/\\\/www.industrialport.net\\\/en\\\/\"},{\"@type\":\"ListItem\",\"position\":2,\"name\":\"Imprint\"}]},{\"@type\":\"WebSite\",\"@id\":\"https:\\\/\\\/en.industrialport.net\\\/#website\",\"url\":\"https:\\\/\\\/en.industrialport.net\\\/\",\"name\":\"IndustrialPort\",\"description\":\"Deutschlands gr\u00f6\u00dfter Datenanbieter f\u00fcr Hallenfl\u00e4chen und deren Standorte\",\"publisher\":{\"@id\":\"https:\\\/\\\/en.industrialport.net\\\/#organization\"},\"potentialAction\":[{\"@type\":\"SearchAction\",\"target\":{\"@type\":\"EntryPoint\",\"urlTemplate\":\"https:\\\/\\\/en.industrialport.net\\\/?s={search_term_string}\"},\"query-input\":{\"@type\":\"PropertyValueSpecification\",\"valueRequired\":true,\"valueName\":\"search_term_string\"}}],\"inLanguage\":\"en-US\"},{\"@type\":\"Organization\",\"@id\":\"https:\\\/\\\/en.industrialport.net\\\/#organization\",\"name\":\"IndustrialPort\",\"url\":\"https:\\\/\\\/en.industrialport.net\\\/\",\"logo\":{\"@type\":\"ImageObject\",\"inLanguage\":\"en-US\",\"@id\":\"https:\\\/\\\/en.industrialport.net\\\/#\\\/schema\\\/logo\\\/image\\\/\",\"url\":\"https:\\\/\\\/www.industrialport.net\\\/wp-content\\\/uploads\\\/2017\\\/12\\\/industrialport-logo-rics-web-240.png\",\"contentUrl\":\"https:\\\/\\\/www.industrialport.net\\\/wp-content\\\/uploads\\\/2017\\\/12\\\/industrialport-logo-rics-web-240.png\",\"width\":240,\"height\":68,\"caption\":\"IndustrialPort\"},\"image\":{\"@id\":\"https:\\\/\\\/en.industrialport.net\\\/#\\\/schema\\\/logo\\\/image\\\/\"},\"sameAs\":[\"https:\\\/\\\/x.com\\\/industrialport\",\"https:\\\/\\\/www.linkedin.com\\\/company\\\/industrialport\\\/\"]}]}<\/script>\n<!-- \/ Yoast SEO Premium plugin. -->","yoast_head_json":{"title":"The imprint of IndustrialPort from Idstein, Taunus.","description":"The imprint of IndustrialPort of Idstein; as a service provider, we are responsible for our own content on these pages in accordance with the Telemedia Act (TMG).","robots":{"index":"index","follow":"follow","max-snippet":"max-snippet:-1","max-image-preview":"max-image-preview:large","max-video-preview":"max-video-preview:-1"},"canonical":"https:\/\/www.industrialport.net\/en\/imprint\/","og_locale":"en_US","og_type":"article","og_title":"Imprint","og_description":"The imprint of IndustrialPort of Idstein; as a service provider, we are responsible for our own content on these pages in accordance with the Telemedia Act (TMG).","og_url":"https:\/\/www.industrialport.net\/en\/imprint\/","og_site_name":"IndustrialPort","article_modified_time":"2025-10-21T07:55:51+00:00","twitter_card":"summary_large_image","twitter_site":"@industrialport","twitter_misc":{"Est. reading time":"1 minute"},"schema":{"@context":"https:\/\/schema.org","@graph":[{"@type":"WebPage","@id":"https:\/\/www.industrialport.net\/en\/imprint\/","url":"https:\/\/www.industrialport.net\/en\/imprint\/","name":"The imprint of IndustrialPort from Idstein, Taunus.","isPartOf":{"@id":"https:\/\/en.industrialport.net\/#website"},"datePublished":"2018-06-08T11:22:51+00:00","dateModified":"2025-10-21T07:55:51+00:00","description":"The imprint of IndustrialPort of Idstein; as a service provider, we are responsible for our own content on these pages in accordance with the Telemedia Act (TMG).","breadcrumb":{"@id":"https:\/\/www.industrialport.net\/en\/imprint\/#breadcrumb"},"inLanguage":"en-US","potentialAction":[{"@type":"ReadAction","target":["https:\/\/www.industrialport.net\/en\/imprint\/"]}]},{"@type":"BreadcrumbList","@id":"https:\/\/www.industrialport.net\/en\/imprint\/#breadcrumb","itemListElement":[{"@type":"ListItem","position":1,"name":"Startseite","item":"https:\/\/www.industrialport.net\/en\/"},{"@type":"ListItem","position":2,"name":"Imprint"}]},{"@type":"WebSite","@id":"https:\/\/en.industrialport.net\/#website","url":"https:\/\/en.industrialport.net\/","name":"IndustrialPort","description":"Deutschlands gr\u00f6\u00dfter Datenanbieter f\u00fcr Hallenfl\u00e4chen und deren Standorte","publisher":{"@id":"https:\/\/en.industrialport.net\/#organization"},"potentialAction":[{"@type":"SearchAction","target":{"@type":"EntryPoint","urlTemplate":"https:\/\/en.industrialport.net\/?s={search_term_string}"},"query-input":{"@type":"PropertyValueSpecification","valueRequired":true,"valueName":"search_term_string"}}],"inLanguage":"en-US"},{"@type":"Organization","@id":"https:\/\/en.industrialport.net\/#organization","name":"IndustrialPort","url":"https:\/\/en.industrialport.net\/","logo":{"@type":"ImageObject","inLanguage":"en-US","@id":"https:\/\/en.industrialport.net\/#\/schema\/logo\/image\/","url":"https:\/\/www.industrialport.net\/wp-content\/uploads\/2017\/12\/industrialport-logo-rics-web-240.png","contentUrl":"https:\/\/www.industrialport.net\/wp-content\/uploads\/2017\/12\/industrialport-logo-rics-web-240.png","width":240,"height":68,"caption":"IndustrialPort"},"image":{"@id":"https:\/\/en.industrialport.net\/#\/schema\/logo\/image\/"},"sameAs":["https:\/\/x.com\/industrialport","https:\/\/www.linkedin.com\/company\/industrialport\/"]}]}},"_links":{"self":[{"href":"https:\/\/www.industrialport.net\/en\/wp-json\/wp\/v2\/pages\/6115","targetHints":{"allow":["GET"]}}],"collection":[{"href":"https:\/\/www.industrialport.net\/en\/wp-json\/wp\/v2\/pages"}],"about":[{"href":"https:\/\/www.industrialport.net\/en\/wp-json\/wp\/v2\/types\/page"}],"author":[{"embeddable":true,"href":"https:\/\/www.industrialport.net\/en\/wp-json\/wp\/v2\/users\/1"}],"replies":[{"embeddable":true,"href":"https:\/\/www.industrialport.net\/en\/wp-json\/wp\/v2\/comments?post=6115"}],"version-history":[{"count":10,"href":"https:\/\/www.industrialport.net\/en\/wp-json\/wp\/v2\/pages\/6115\/revisions"}],"predecessor-version":[{"id":58207,"href":"https:\/\/www.industrialport.net\/en\/wp-json\/wp\/v2\/pages\/6115\/revisions\/58207"}],"wp:attachment":[{"href":"https:\/\/www.industrialport.net\/en\/wp-json\/wp\/v2\/media?parent=6115"}],"curies":[{"name":"wp","href":"https:\/\/api.w.org\/{rel}","templated":true}]}}