{"id":54490,"date":"2024-06-12T10:36:48","date_gmt":"2024-06-12T08:36:48","guid":{"rendered":"https:\/\/www.industrialport.net\/?page_id=54490"},"modified":"2024-06-12T12:15:04","modified_gmt":"2024-06-12T10:15:04","slug":"samples-industrialbundle-eu-english","status":"publish","type":"page","link":"https:\/\/www.industrialport.net\/en\/samples-industrialbundle-eu-english\/","title":{"rendered":"Samples &#8211; IndustrialBundle EU &#8211; English"},"content":{"rendered":"\n<div class=\"wp-block-columns is-layout-flex wp-container-core-columns-is-layout-9d6595d7 wp-block-columns-is-layout-flex\">\n<div class=\"wp-block-column is-vertically-aligned-center is-layout-flow wp-block-column-is-layout-flow\">\n<div class=\"wp-block-columns is-layout-flex wp-container-core-columns-is-layout-9d6595d7 wp-block-columns-is-layout-flex\">\n<div class=\"wp-block-column is-vertically-aligned-center is-layout-flow wp-block-column-is-layout-flow\"><div class=\"wp-block-image\">\n<figure class=\"aligncenter size-large is-resized\"><img decoding=\"async\" width=\"819\" height=\"1024\" src=\"https:\/\/en.industrialport.net\/wp-content\/uploads\/2024\/04\/IndustrialBundle-EU-v2-1-819x1024.png\" alt=\"IndustrialBundle EU Product Image\" class=\"wp-image-54473\" style=\"width:429px;height:auto\" srcset=\"https:\/\/www.industrialport.net\/wp-content\/uploads\/2024\/04\/IndustrialBundle-EU-v2-1-819x1024.png 819w, https:\/\/www.industrialport.net\/wp-content\/uploads\/2024\/04\/IndustrialBundle-EU-v2-1-240x300.png 240w, https:\/\/www.industrialport.net\/wp-content\/uploads\/2024\/04\/IndustrialBundle-EU-v2-1-768x960.png 768w, https:\/\/www.industrialport.net\/wp-content\/uploads\/2024\/04\/IndustrialBundle-EU-v2-1-1229x1536.png 1229w, https:\/\/www.industrialport.net\/wp-content\/uploads\/2024\/04\/IndustrialBundle-EU-v2-1-262x328.png 262w, https:\/\/www.industrialport.net\/wp-content\/uploads\/2024\/04\/IndustrialBundle-EU-v2-1-720x900.png 720w, https:\/\/www.industrialport.net\/wp-content\/uploads\/2024\/04\/IndustrialBundle-EU-v2-1-8x10.png 8w, https:\/\/www.industrialport.net\/wp-content\/uploads\/2024\/04\/IndustrialBundle-EU-v2-1.png 1600w\" sizes=\"(max-width: 819px) 100vw, 819px\" \/><\/figure>\n<\/div><\/div>\n\n\n\n<div class=\"wp-block-column is-vertically-aligned-center is-layout-flow wp-block-column-is-layout-flow\">\n<div class=\"wp-block-group has-large-font-size is-vertical is-content-justification-left is-layout-flex wp-container-core-group-is-layout-17856c89 wp-block-group-is-layout-flex\">\n<p class=\"has-x-large-font-size\"><strong><span style=\"color: #ffffff;background-color: #000000\" class=\"stk-highlight\">Downloads: \ud83d\udce5<\/span><\/strong><\/p>\n\n\n\n<div class=\"wp-block-file aligncenter wp-container-content-9cfa9a5a\"><a id=\"wp-block-file--media-ba3171dd-2962-4cef-b4b5-d585186987af\" href=\"https:\/\/en.industrialport.net\/wp-content\/uploads\/2024\/06\/2024-06-10.666708d2f154a.pdf\" target=\"_blank\" rel=\"noreferrer noopener\"><span style=\"color: #fcb900;\" class=\"stk-highlight\"><span style=\"text-decoration: underline;\">IndustrialBundle EU &#8211; Netherlands<\/span><\/span><\/a><\/div>\n\n\n\n<div class=\"wp-block-file aligncenter wp-container-content-9cfa9a5a\"><a id=\"wp-block-file--media-27de515a-9d2b-40fc-9307-4938de136788\" href=\"https:\/\/en.industrialport.net\/wp-content\/uploads\/2024\/06\/2024-06-10.6667082ce7458.pdf\" target=\"_blank\" rel=\"noreferrer noopener\"><span style=\"color: #fcb900;\" class=\"stk-highlight\"><span style=\"text-decoration: underline;\">IndustrialBundle EU &#8211; Belgium<\/span><\/span><\/a><\/div>\n\n\n\n<div class=\"wp-block-file aligncenter\"><a id=\"wp-block-file--media-97ac9bed-64d7-42f4-a5ef-ac621c7b8e28\" href=\"https:\/\/en.industrialport.net\/wp-content\/uploads\/2024\/06\/2024-06-10.66670845cefdc.pdf\" target=\"_blank\" rel=\"noreferrer noopener\"><span style=\"color: #fcb900;\" class=\"stk-highlight\"><span style=\"text-decoration: underline;\">IndustrialBundle EU &#8211; Poland<\/span><\/span><\/a><\/div>\n\n\n\n<div class=\"wp-block-file aligncenter wp-container-content-9cfa9a5a\"><a id=\"wp-block-file--media-4a4db7b9-e3b8-414e-90b3-2f3076cc5604\" href=\"https:\/\/en.industrialport.net\/wp-content\/uploads\/2024\/06\/2024-06-10.66670908a44ec.pdf\" target=\"_blank\" rel=\"noreferrer noopener\"><span style=\"color: #fcb900;\" class=\"stk-highlight\"><span style=\"text-decoration: underline;\">IndustrialBundle EU &#8211; Czech Republic<\/span><\/span><\/a><\/div>\n\n\n\n<div class=\"wp-block-file aligncenter\"><a id=\"wp-block-file--media-477bcdf2-0ce8-4f61-a23b-31de27b06299\" href=\"https:\/\/en.industrialport.net\/wp-content\/uploads\/2024\/06\/2024-06-10.6667085deec5b.pdf\" target=\"_blank\" rel=\"noreferrer noopener\"><span style=\"color: #fcb900;\" class=\"stk-highlight\"><span style=\"text-decoration: underline;\">IndustrialBundle EU &#8211; Austria<\/span><\/span><\/a><\/div>\n\n\n\n<div class=\"wp-block-file aligncenter\"><a id=\"wp-block-file--media-a9d64105-d1b7-431c-935a-30795ff01303\" href=\"https:\/\/en.industrialport.net\/wp-content\/uploads\/2024\/06\/2024-06-10.666707c33033e.pdf\" target=\"_blank\" rel=\"noreferrer noopener\"><span style=\"color: #fcb900;\" class=\"stk-highlight\"><span style=\"text-decoration: underline;\">IndustrialBundle EU &#8211; Italy<\/span><\/span><\/a><\/div>\n\n\n\n<div class=\"wp-block-file aligncenter\"><a id=\"wp-block-file--media-ca1f9b3a-357d-49e4-98c8-9222ef49114d\" href=\"https:\/\/en.industrialport.net\/wp-content\/uploads\/2024\/06\/2024-06-10.66670812b0849.pdf\" target=\"_blank\" rel=\"noreferrer noopener\"><span style=\"color: #fcb900;\" class=\"stk-highlight\"><span style=\"text-decoration: underline;\">IndustrialBundle EU &#8211; France<\/span><\/span><\/a><\/div>\n\n\n\n<div class=\"wp-block-file aligncenter\"><a id=\"wp-block-file--media-41e8ebdb-6b8b-4a4c-8a48-f1000eb15fd7\" href=\"https:\/\/en.industrialport.net\/wp-content\/uploads\/2024\/06\/2024-06-10.666707a53f1db.pdf\" target=\"_blank\" rel=\"noreferrer noopener\"><span style=\"color: #fcb900;\" class=\"stk-highlight\"><span style=\"text-decoration: underline;\">IndustrialBundle EU &#8211; Spain<\/span><\/span><\/a><\/div>\n<\/div>\n<\/div>\n<\/div>\n<\/div>\n<\/div>\n","protected":false},"excerpt":{"rendered":"<p>Downloads: \ud83d\udce5<\/p>\n","protected":false},"author":529,"featured_media":0,"parent":0,"menu_order":0,"comment_status":"closed","ping_status":"closed","template":"","meta":{"footnotes":""},"class_list":["post-54490","page","type-page","status-publish","hentry"],"featured_image_urls_v2":{"full":"","thumbnail":"","medium":"","medium_large":"","large":"","1536x1536":"","2048x2048":"","woocommerce_thumbnail":"","woocommerce_single":"","woocommerce_gallery_thumbnail":"","etheme-woocommerce-nimi":"","etheme-nimi":""},"post_excerpt_stackable_v2":"<p>Downloads: \ud83d\udce5 IndustrialBundle EU &#8211; Netherlands IndustrialBundle EU &#8211; Belgium IndustrialBundle EU &#8211; Poland IndustrialBundle EU &#8211; Czech Republic IndustrialBundle EU &#8211; Austria IndustrialBundle EU &#8211; Italy IndustrialBundle EU &#8211; France IndustrialBundle EU &#8211; Spain<\/p>\n","category_list_v2":"","author_info_v2":{"name":"Nicolas Thoma","url":"https:\/\/www.industrialport.net\/en\/blog\/author\/thoma\/"},"comments_num_v2":"0 comments","yoast_head":"<!-- This site is optimized with the Yoast SEO Premium plugin v27.1 (Yoast SEO v27.1.1) - https:\/\/yoast.com\/product\/yoast-seo-premium-wordpress\/ -->\n<title>Samples - IndustrialBundle EU - English - IndustrialPort<\/title>\n<meta name=\"robots\" content=\"index, follow, max-snippet:-1, max-image-preview:large, max-video-preview:-1\" \/>\n<link rel=\"canonical\" href=\"https:\/\/www.industrialport.net\/en\/samples-industrialbundle-eu-english\/\" \/>\n<meta property=\"og:locale\" content=\"en_US\" \/>\n<meta property=\"og:type\" content=\"article\" \/>\n<meta property=\"og:title\" content=\"Samples - IndustrialBundle EU - English\" \/>\n<meta property=\"og:description\" content=\"Downloads: \ud83d\udce5\" \/>\n<meta property=\"og:url\" content=\"https:\/\/www.industrialport.net\/en\/samples-industrialbundle-eu-english\/\" \/>\n<meta property=\"og:site_name\" content=\"IndustrialPort\" \/>\n<meta property=\"article:modified_time\" content=\"2024-06-12T10:15:04+00:00\" \/>\n<meta property=\"og:image\" content=\"https:\/\/en.industrialport.net\/wp-content\/uploads\/2024\/04\/IndustrialBundle-EU-v2-1-819x1024.png\" \/>\n<meta name=\"twitter:card\" content=\"summary_large_image\" \/>\n<meta name=\"twitter:site\" content=\"@industrialport\" \/>\n<meta name=\"twitter:label1\" content=\"Est. reading time\" \/>\n\t<meta name=\"twitter:data1\" content=\"1 minute\" \/>\n<script type=\"application\/ld+json\" class=\"yoast-schema-graph\">{\"@context\":\"https:\/\/schema.org\",\"@graph\":[{\"@type\":\"WebPage\",\"@id\":\"https:\/\/www.industrialport.net\/en\/samples-industrialbundle-eu-english\/\",\"url\":\"https:\/\/www.industrialport.net\/en\/samples-industrialbundle-eu-english\/\",\"name\":\"Samples - IndustrialBundle EU - English - IndustrialPort\",\"isPartOf\":{\"@id\":\"https:\/\/en.industrialport.net\/#website\"},\"primaryImageOfPage\":{\"@id\":\"https:\/\/www.industrialport.net\/en\/samples-industrialbundle-eu-english\/#primaryimage\"},\"image\":{\"@id\":\"https:\/\/www.industrialport.net\/en\/samples-industrialbundle-eu-english\/#primaryimage\"},\"thumbnailUrl\":\"https:\/\/en.industrialport.net\/wp-content\/uploads\/2024\/04\/IndustrialBundle-EU-v2-1-819x1024.png\",\"datePublished\":\"2024-06-12T08:36:48+00:00\",\"dateModified\":\"2024-06-12T10:15:04+00:00\",\"breadcrumb\":{\"@id\":\"https:\/\/www.industrialport.net\/en\/samples-industrialbundle-eu-english\/#breadcrumb\"},\"inLanguage\":\"en-US\",\"potentialAction\":[{\"@type\":\"ReadAction\",\"target\":[\"https:\/\/www.industrialport.net\/en\/samples-industrialbundle-eu-english\/\"]}]},{\"@type\":\"ImageObject\",\"inLanguage\":\"en-US\",\"@id\":\"https:\/\/www.industrialport.net\/en\/samples-industrialbundle-eu-english\/#primaryimage\",\"url\":\"https:\/\/en.industrialport.net\/wp-content\/uploads\/2024\/04\/IndustrialBundle-EU-v2-1-819x1024.png\",\"contentUrl\":\"https:\/\/en.industrialport.net\/wp-content\/uploads\/2024\/04\/IndustrialBundle-EU-v2-1-819x1024.png\"},{\"@type\":\"BreadcrumbList\",\"@id\":\"https:\/\/www.industrialport.net\/en\/samples-industrialbundle-eu-english\/#breadcrumb\",\"itemListElement\":[{\"@type\":\"ListItem\",\"position\":1,\"name\":\"Startseite\",\"item\":\"https:\/\/www.industrialport.net\/en\/\"},{\"@type\":\"ListItem\",\"position\":2,\"name\":\"Samples &#8211; IndustrialBundle EU &#8211; English\"}]},{\"@type\":\"WebSite\",\"@id\":\"https:\/\/en.industrialport.net\/#website\",\"url\":\"https:\/\/en.industrialport.net\/\",\"name\":\"IndustrialPort\",\"description\":\"Deutschlands gr\u00f6\u00dfter Datenanbieter f\u00fcr Hallenfl\u00e4chen und deren Standorte\",\"publisher\":{\"@id\":\"https:\/\/en.industrialport.net\/#organization\"},\"potentialAction\":[{\"@type\":\"SearchAction\",\"target\":{\"@type\":\"EntryPoint\",\"urlTemplate\":\"https:\/\/en.industrialport.net\/?s={search_term_string}\"},\"query-input\":{\"@type\":\"PropertyValueSpecification\",\"valueRequired\":true,\"valueName\":\"search_term_string\"}}],\"inLanguage\":\"en-US\"},{\"@type\":\"Organization\",\"@id\":\"https:\/\/en.industrialport.net\/#organization\",\"name\":\"IndustrialPort\",\"url\":\"https:\/\/en.industrialport.net\/\",\"logo\":{\"@type\":\"ImageObject\",\"inLanguage\":\"en-US\",\"@id\":\"https:\/\/en.industrialport.net\/#\/schema\/logo\/image\/\",\"url\":\"https:\/\/www.industrialport.net\/wp-content\/uploads\/2017\/12\/industrialport-logo-rics-web-240.png\",\"contentUrl\":\"https:\/\/www.industrialport.net\/wp-content\/uploads\/2017\/12\/industrialport-logo-rics-web-240.png\",\"width\":240,\"height\":68,\"caption\":\"IndustrialPort\"},\"image\":{\"@id\":\"https:\/\/en.industrialport.net\/#\/schema\/logo\/image\/\"},\"sameAs\":[\"https:\/\/x.com\/industrialport\",\"https:\/\/www.linkedin.com\/company\/industrialport\/\"]}]}<\/script>\n<!-- \/ Yoast SEO Premium plugin. -->","yoast_head_json":{"title":"Samples - IndustrialBundle EU - English - IndustrialPort","robots":{"index":"index","follow":"follow","max-snippet":"max-snippet:-1","max-image-preview":"max-image-preview:large","max-video-preview":"max-video-preview:-1"},"canonical":"https:\/\/www.industrialport.net\/en\/samples-industrialbundle-eu-english\/","og_locale":"en_US","og_type":"article","og_title":"Samples - IndustrialBundle EU - English","og_description":"Downloads: \ud83d\udce5","og_url":"https:\/\/www.industrialport.net\/en\/samples-industrialbundle-eu-english\/","og_site_name":"IndustrialPort","article_modified_time":"2024-06-12T10:15:04+00:00","og_image":[{"url":"https:\/\/en.industrialport.net\/wp-content\/uploads\/2024\/04\/IndustrialBundle-EU-v2-1-819x1024.png","type":"","width":"","height":""}],"twitter_card":"summary_large_image","twitter_site":"@industrialport","twitter_misc":{"Est. reading time":"1 minute"},"schema":{"@context":"https:\/\/schema.org","@graph":[{"@type":"WebPage","@id":"https:\/\/www.industrialport.net\/en\/samples-industrialbundle-eu-english\/","url":"https:\/\/www.industrialport.net\/en\/samples-industrialbundle-eu-english\/","name":"Samples - IndustrialBundle EU - English - IndustrialPort","isPartOf":{"@id":"https:\/\/en.industrialport.net\/#website"},"primaryImageOfPage":{"@id":"https:\/\/www.industrialport.net\/en\/samples-industrialbundle-eu-english\/#primaryimage"},"image":{"@id":"https:\/\/www.industrialport.net\/en\/samples-industrialbundle-eu-english\/#primaryimage"},"thumbnailUrl":"https:\/\/en.industrialport.net\/wp-content\/uploads\/2024\/04\/IndustrialBundle-EU-v2-1-819x1024.png","datePublished":"2024-06-12T08:36:48+00:00","dateModified":"2024-06-12T10:15:04+00:00","breadcrumb":{"@id":"https:\/\/www.industrialport.net\/en\/samples-industrialbundle-eu-english\/#breadcrumb"},"inLanguage":"en-US","potentialAction":[{"@type":"ReadAction","target":["https:\/\/www.industrialport.net\/en\/samples-industrialbundle-eu-english\/"]}]},{"@type":"ImageObject","inLanguage":"en-US","@id":"https:\/\/www.industrialport.net\/en\/samples-industrialbundle-eu-english\/#primaryimage","url":"https:\/\/en.industrialport.net\/wp-content\/uploads\/2024\/04\/IndustrialBundle-EU-v2-1-819x1024.png","contentUrl":"https:\/\/en.industrialport.net\/wp-content\/uploads\/2024\/04\/IndustrialBundle-EU-v2-1-819x1024.png"},{"@type":"BreadcrumbList","@id":"https:\/\/www.industrialport.net\/en\/samples-industrialbundle-eu-english\/#breadcrumb","itemListElement":[{"@type":"ListItem","position":1,"name":"Startseite","item":"https:\/\/www.industrialport.net\/en\/"},{"@type":"ListItem","position":2,"name":"Samples &#8211; IndustrialBundle EU &#8211; English"}]},{"@type":"WebSite","@id":"https:\/\/en.industrialport.net\/#website","url":"https:\/\/en.industrialport.net\/","name":"IndustrialPort","description":"Deutschlands gr\u00f6\u00dfter Datenanbieter f\u00fcr Hallenfl\u00e4chen und deren Standorte","publisher":{"@id":"https:\/\/en.industrialport.net\/#organization"},"potentialAction":[{"@type":"SearchAction","target":{"@type":"EntryPoint","urlTemplate":"https:\/\/en.industrialport.net\/?s={search_term_string}"},"query-input":{"@type":"PropertyValueSpecification","valueRequired":true,"valueName":"search_term_string"}}],"inLanguage":"en-US"},{"@type":"Organization","@id":"https:\/\/en.industrialport.net\/#organization","name":"IndustrialPort","url":"https:\/\/en.industrialport.net\/","logo":{"@type":"ImageObject","inLanguage":"en-US","@id":"https:\/\/en.industrialport.net\/#\/schema\/logo\/image\/","url":"https:\/\/www.industrialport.net\/wp-content\/uploads\/2017\/12\/industrialport-logo-rics-web-240.png","contentUrl":"https:\/\/www.industrialport.net\/wp-content\/uploads\/2017\/12\/industrialport-logo-rics-web-240.png","width":240,"height":68,"caption":"IndustrialPort"},"image":{"@id":"https:\/\/en.industrialport.net\/#\/schema\/logo\/image\/"},"sameAs":["https:\/\/x.com\/industrialport","https:\/\/www.linkedin.com\/company\/industrialport\/"]}]}},"_links":{"self":[{"href":"https:\/\/www.industrialport.net\/en\/wp-json\/wp\/v2\/pages\/54490","targetHints":{"allow":["GET"]}}],"collection":[{"href":"https:\/\/www.industrialport.net\/en\/wp-json\/wp\/v2\/pages"}],"about":[{"href":"https:\/\/www.industrialport.net\/en\/wp-json\/wp\/v2\/types\/page"}],"author":[{"embeddable":true,"href":"https:\/\/www.industrialport.net\/en\/wp-json\/wp\/v2\/users\/529"}],"replies":[{"embeddable":true,"href":"https:\/\/www.industrialport.net\/en\/wp-json\/wp\/v2\/comments?post=54490"}],"version-history":[{"count":11,"href":"https:\/\/www.industrialport.net\/en\/wp-json\/wp\/v2\/pages\/54490\/revisions"}],"predecessor-version":[{"id":54611,"href":"https:\/\/www.industrialport.net\/en\/wp-json\/wp\/v2\/pages\/54490\/revisions\/54611"}],"wp:attachment":[{"href":"https:\/\/www.industrialport.net\/en\/wp-json\/wp\/v2\/media?parent=54490"}],"curies":[{"name":"wp","href":"https:\/\/api.w.org\/{rel}","templated":true}]}}