{"id":4892,"date":"2016-05-23T11:46:46","date_gmt":"2016-05-23T11:46:46","guid":{"rendered":"https:\/\/www.industrialport.info\/beratung\/"},"modified":"2026-05-11T12:26:02","modified_gmt":"2026-05-11T10:26:02","slug":"contact-to-industrialport","status":"publish","type":"page","link":"https:\/\/www.industrialport.net\/en\/contact-to-industrialport\/","title":{"rendered":"Consulting and contact at IndustrialPort"},"content":{"rendered":"<section class=\"wpb-content-wrapper\"><p>[vc_row][vc_column]\n<div class=\"wpcf7 no-js\" id=\"wpcf7-f61074-o1\" lang=\"en-US\" dir=\"ltr\" data-wpcf7-id=\"61074\">\n<div class=\"screen-reader-response\"><p role=\"status\" aria-live=\"polite\" aria-atomic=\"true\"><\/p> <ul><\/ul><\/div>\n<form action=\"\/en\/wp-json\/wp\/v2\/pages\/4892#wpcf7-f61074-o1\" method=\"post\" class=\"wpcf7-form init\" aria-label=\"Contact form\" novalidate=\"novalidate\" data-status=\"init\">\n<fieldset class=\"hidden-fields-container\"><input type=\"hidden\" name=\"_wpcf7\" value=\"61074\" \/><input type=\"hidden\" name=\"_wpcf7_version\" value=\"6.1.5\" \/><input type=\"hidden\" name=\"_wpcf7_locale\" value=\"en_US\" \/><input type=\"hidden\" name=\"_wpcf7_unit_tag\" value=\"wpcf7-f61074-o1\" \/><input type=\"hidden\" name=\"_wpcf7_container_post\" value=\"0\" \/><input type=\"hidden\" name=\"_wpcf7_posted_data_hash\" value=\"\" \/>\n<\/fieldset>\n<div class=\"ip-cf7\">\n\t<div class=\"ip-cf7-head\">\n\t\t<h2 class=\"ip-cf7-title\">We look forward to hearing from you!\n\t\t<\/h2>\n\t\t<p class=\"ip-cf7-lead\">Please enter your information.\n\t\t<\/p>\n\t<\/div>\n\t<div class=\"ip-cf7-grid\">\n\t\t<div class=\"ip-cf7-field\">\n\t\t\t<p><label>Your name (required)<br \/>\n<span class=\"wpcf7-form-control-wrap\" data-name=\"your-name\"><input size=\"40\" maxlength=\"400\" class=\"wpcf7-form-control wpcf7-text wpcf7-validates-as-required ip-cf7-control\" aria-required=\"true\" aria-invalid=\"false\" value=\"\" type=\"text\" name=\"your-name\" \/><\/span><br \/>\n<\/label>\n\t\t\t<\/p>\n\t\t<\/div>\n\t\t<div class=\"ip-cf7-field\">\n\t\t\t<p><label>Your email (required)<br \/>\n<span class=\"wpcf7-form-control-wrap\" data-name=\"your-email\"><input size=\"40\" maxlength=\"400\" class=\"wpcf7-form-control wpcf7-email wpcf7-validates-as-required wpcf7-text wpcf7-validates-as-email ip-cf7-control\" aria-required=\"true\" aria-invalid=\"false\" value=\"\" type=\"email\" name=\"your-email\" \/><\/span><br \/>\n<\/label>\n\t\t\t<\/p>\n\t\t<\/div>\n\t\t<div class=\"ip-cf7-field\">\n\t\t\t<p><label>Subject (required)<br \/>\n<span class=\"wpcf7-form-control-wrap\" data-name=\"your-subject\"><input size=\"40\" maxlength=\"400\" class=\"wpcf7-form-control wpcf7-text wpcf7-validates-as-required ip-cf7-control\" aria-required=\"true\" aria-invalid=\"false\" value=\"\" type=\"text\" name=\"your-subject\" \/><\/span><br \/>\n<\/label>\n\t\t\t<\/p>\n\t\t<\/div>\n\t\t<div class=\"ip-cf7-field\">\n\t\t\t<p><label>Phone<br \/>\n<span class=\"wpcf7-form-control-wrap\" data-name=\"your-phone\"><input size=\"40\" maxlength=\"400\" class=\"wpcf7-form-control wpcf7-text ip-cf7-control\" aria-invalid=\"false\" value=\"\" type=\"text\" name=\"your-phone\" \/><\/span><br \/>\n<\/label>\n\t\t\t<\/p>\n\t\t<\/div>\n\t<\/div>\n\t<div class=\"ip-cf7-field ip-cf7-field--full\">\n\t\t<p><label for=\"your-msg\">Your message (required)<\/label><br \/>\n<span class=\"wpcf7-form-control-wrap\" data-name=\"your-message\"><textarea cols=\"40\" rows=\"8\" maxlength=\"2000\" class=\"wpcf7-form-control wpcf7-textarea wpcf7-validates-as-required ip-cf7-control\" id=\"your-msg\" aria-required=\"true\" aria-invalid=\"false\" name=\"your-message\">Dear IndustrialPort team,<\/textarea><\/span>\n\t\t<\/p>\n\t<\/div>\n\t<div class=\"ip-cf7-accept\">\n\t\t<p class=\"ip-cf7-strong\"><strong>Consent to the processing of personal data:<\/strong>\n\t\t<\/p>\n\t\t<p class=\"ip-cf7-check\"><br \/>\n<span class=\"wpcf7-form-control-wrap\" data-name=\"acceptance-989\"><span class=\"wpcf7-form-control wpcf7-acceptance\"><span class=\"wpcf7-list-item\"><label><input type=\"checkbox\" name=\"acceptance-989\" value=\"1\" aria-invalid=\"false\" \/><span class=\"wpcf7-list-item-label\">I consent to the processing of my personal data and have read the <a href=\"\/datenschutz\/\">Privacy Policy<\/a>.<\/span><\/label><\/span><\/span><\/span>\n\t\t<\/p>\n\t<\/div>\n\t<div class=\"ip-cf7-privacy-note\">\n\t\t<p>We use the personal data you provide here solely for the purpose of responding to your questions or enquiry and do not share your data with third parties. If this enquiry does not result in business initiation or a business relationship, your data will be deleted once the purpose has been fulfilled. You may object to the processing and storage at any time by sending an email to <a href=\"mailto:info@industrialport.net\">info@industrialport.net<\/a>.\n\t\t<\/p>\n\t<\/div>\n\t<p class=\"ip-cf7-submit-wrap\"><span class=\"wpcf7-form-control-wrap\" data-name=\"hcap-cf7\">\t\t<input\n\t\t\t\ttype=\"hidden\"\n\t\t\t\tclass=\"hcaptcha-widget-id\"\n\t\t\t\tname=\"hcaptcha-widget-id\"\n\t\t\t\tvalue=\"eyJzb3VyY2UiOlsiY29udGFjdC1mb3JtLTdcL3dwLWNvbnRhY3QtZm9ybS03LnBocCJdLCJmb3JtX2lkIjo0fQ==-a38e4edb3a6c0176e5b9e2d71ef7a337\">\n\t\t\t\t<span id=\"hcap_cf7-6a030c7e7721f5.94525712\" class=\"wpcf7-form-control h-captcha \"\n\t\t\tdata-sitekey=\"18cfa626-17cf-43fc-8396-2b5216b2697d\"\n\t\t\tdata-theme=\"light\"\n\t\t\tdata-size=\"normal\"\n\t\t\tdata-auto=\"false\"\n\t\t\tdata-ajax=\"false\"\n\t\t\tdata-force=\"false\">\n\t\t<\/span>\n\t\t<input type=\"hidden\" id=\"_wpnonce\" name=\"_wpnonce\" value=\"199c9a5ea6\" \/><input type=\"hidden\" name=\"_wp_http_referer\" value=\"\/en\/wp-json\/wp\/v2\/pages\/4892\" \/><\/span><input class=\"wpcf7-form-control wpcf7-submit has-spinner\" type=\"submit\" value=\"Send\" \/>\n\t<\/p>\n<\/div><input type='hidden' class='wpcf7-pum' value='{\"closepopup\":false,\"closedelay\":0,\"openpopup\":false,\"openpopup_id\":0}' \/><div class=\"wpcf7-response-output\" aria-hidden=\"true\"><\/div>\n<\/form>\n<\/div>\n[\/vc_column][\/vc_row]<\/p>\n<\/section>","protected":false},"excerpt":{"rendered":"<p>[vc_row][vc_column][\/vc_column][\/vc_row]<\/p>\n","protected":false},"author":1,"featured_media":0,"parent":0,"menu_order":0,"comment_status":"closed","ping_status":"closed","template":"","meta":{"footnotes":""},"class_list":["post-4892","page","type-page","status-publish","hentry"],"featured_image_urls_v2":{"full":"","thumbnail":"","medium":"","medium_large":"","large":"","1536x1536":"","2048x2048":"","woocommerce_thumbnail":"","woocommerce_single":"","woocommerce_gallery_thumbnail":"","etheme-woocommerce-nimi":"","etheme-nimi":""},"post_excerpt_stackable_v2":"<p>[vc_row][vc_column] We look forward to hearing from you! Please enter your information. Your name (required) Your email (required) Subject (required) Phone Your message (required) Dear IndustrialPort team, Consent to the processing of personal data: I consent to the processing of my personal data and have read the Privacy Policy. We use the personal data you provide here solely for the purpose of responding to your questions or enquiry and do not share your data with third parties. If this enquiry does not result in business initiation or a business relationship, your data will be deleted once the purpose has been&hellip;<\/p>\n","category_list_v2":"","author_info_v2":{"name":"mk mediaconcept","url":"https:\/\/www.industrialport.net\/en\/blog\/author\/admin\/"},"comments_num_v2":"0 comments","yoast_head":"<!-- This site is optimized with the Yoast SEO Premium plugin v27.4 (Yoast SEO v27.4) - https:\/\/yoast.com\/product\/yoast-seo-premium-wordpress\/ -->\n<title>Contact IndustrialPort, the specialists for industrial real estate &amp; warehouses<\/title>\n<meta name=\"description\" content=\"Contact IndustrialPort. The consulting firm provides facts for banks, owners, asset managers, appraisers, and consulting firms.\" \/>\n<meta name=\"robots\" content=\"index, follow, max-snippet:-1, max-image-preview:large, max-video-preview:-1\" \/>\n<link rel=\"canonical\" href=\"https:\/\/www.industrialport.net\/en\/contact-to-industrialport\/\" \/>\n<meta property=\"og:locale\" content=\"en_US\" \/>\n<meta property=\"og:type\" content=\"article\" \/>\n<meta property=\"og:title\" content=\"Consulting and contact at IndustrialPort\" \/>\n<meta property=\"og:description\" content=\"Contact IndustrialPort. The consulting firm provides facts for banks, owners, asset managers, appraisers, and consulting firms.\" \/>\n<meta property=\"og:url\" content=\"https:\/\/www.industrialport.net\/en\/contact-to-industrialport\/\" \/>\n<meta property=\"og:site_name\" content=\"IndustrialPort\" \/>\n<meta property=\"article:modified_time\" content=\"2026-05-11T10:26:02+00:00\" \/>\n<meta name=\"twitter:card\" content=\"summary_large_image\" \/>\n<meta name=\"twitter:site\" content=\"@industrialport\" \/>\n<meta name=\"twitter:label1\" content=\"Est. reading time\" \/>\n\t<meta name=\"twitter:data1\" content=\"1 minute\" \/>\n<script type=\"application\/ld+json\" class=\"yoast-schema-graph\">{\"@context\":\"https:\\\/\\\/schema.org\",\"@graph\":[{\"@type\":\"WebPage\",\"@id\":\"https:\\\/\\\/www.industrialport.net\\\/en\\\/contact-to-industrialport\\\/\",\"url\":\"https:\\\/\\\/www.industrialport.net\\\/en\\\/contact-to-industrialport\\\/\",\"name\":\"Contact IndustrialPort, the specialists for industrial real estate & warehouses\",\"isPartOf\":{\"@id\":\"https:\\\/\\\/en.industrialport.net\\\/#website\"},\"datePublished\":\"2016-05-23T11:46:46+00:00\",\"dateModified\":\"2026-05-11T10:26:02+00:00\",\"description\":\"Contact IndustrialPort. The consulting firm provides facts for banks, owners, asset managers, appraisers, and consulting firms.\",\"breadcrumb\":{\"@id\":\"https:\\\/\\\/www.industrialport.net\\\/en\\\/contact-to-industrialport\\\/#breadcrumb\"},\"inLanguage\":\"en-US\",\"potentialAction\":[{\"@type\":\"ReadAction\",\"target\":[\"https:\\\/\\\/www.industrialport.net\\\/en\\\/contact-to-industrialport\\\/\"]}]},{\"@type\":\"BreadcrumbList\",\"@id\":\"https:\\\/\\\/www.industrialport.net\\\/en\\\/contact-to-industrialport\\\/#breadcrumb\",\"itemListElement\":[{\"@type\":\"ListItem\",\"position\":1,\"name\":\"Startseite\",\"item\":\"https:\\\/\\\/www.industrialport.net\\\/en\\\/\"},{\"@type\":\"ListItem\",\"position\":2,\"name\":\"Consulting and contact at IndustrialPort\"}]},{\"@type\":\"WebSite\",\"@id\":\"https:\\\/\\\/en.industrialport.net\\\/#website\",\"url\":\"https:\\\/\\\/en.industrialport.net\\\/\",\"name\":\"IndustrialPort\",\"description\":\"Deutschlands gr\u00f6\u00dfter Datenanbieter f\u00fcr Hallenfl\u00e4chen und deren Standorte\",\"publisher\":{\"@id\":\"https:\\\/\\\/en.industrialport.net\\\/#organization\"},\"potentialAction\":[{\"@type\":\"SearchAction\",\"target\":{\"@type\":\"EntryPoint\",\"urlTemplate\":\"https:\\\/\\\/en.industrialport.net\\\/?s={search_term_string}\"},\"query-input\":{\"@type\":\"PropertyValueSpecification\",\"valueRequired\":true,\"valueName\":\"search_term_string\"}}],\"inLanguage\":\"en-US\"},{\"@type\":\"Organization\",\"@id\":\"https:\\\/\\\/en.industrialport.net\\\/#organization\",\"name\":\"IndustrialPort\",\"url\":\"https:\\\/\\\/en.industrialport.net\\\/\",\"logo\":{\"@type\":\"ImageObject\",\"inLanguage\":\"en-US\",\"@id\":\"https:\\\/\\\/en.industrialport.net\\\/#\\\/schema\\\/logo\\\/image\\\/\",\"url\":\"https:\\\/\\\/www.industrialport.net\\\/wp-content\\\/uploads\\\/2017\\\/12\\\/industrialport-logo-rics-web-240.png\",\"contentUrl\":\"https:\\\/\\\/www.industrialport.net\\\/wp-content\\\/uploads\\\/2017\\\/12\\\/industrialport-logo-rics-web-240.png\",\"width\":240,\"height\":68,\"caption\":\"IndustrialPort\"},\"image\":{\"@id\":\"https:\\\/\\\/en.industrialport.net\\\/#\\\/schema\\\/logo\\\/image\\\/\"},\"sameAs\":[\"https:\\\/\\\/x.com\\\/industrialport\",\"https:\\\/\\\/www.linkedin.com\\\/company\\\/industrialport\\\/\"]}]}<\/script>\n<!-- \/ Yoast SEO Premium plugin. -->","yoast_head_json":{"title":"Contact IndustrialPort, the specialists for industrial real estate & warehouses","description":"Contact IndustrialPort. The consulting firm provides facts for banks, owners, asset managers, appraisers, and consulting firms.","robots":{"index":"index","follow":"follow","max-snippet":"max-snippet:-1","max-image-preview":"max-image-preview:large","max-video-preview":"max-video-preview:-1"},"canonical":"https:\/\/www.industrialport.net\/en\/contact-to-industrialport\/","og_locale":"en_US","og_type":"article","og_title":"Consulting and contact at IndustrialPort","og_description":"Contact IndustrialPort. The consulting firm provides facts for banks, owners, asset managers, appraisers, and consulting firms.","og_url":"https:\/\/www.industrialport.net\/en\/contact-to-industrialport\/","og_site_name":"IndustrialPort","article_modified_time":"2026-05-11T10:26:02+00:00","twitter_card":"summary_large_image","twitter_site":"@industrialport","twitter_misc":{"Est. reading time":"1 minute"},"schema":{"@context":"https:\/\/schema.org","@graph":[{"@type":"WebPage","@id":"https:\/\/www.industrialport.net\/en\/contact-to-industrialport\/","url":"https:\/\/www.industrialport.net\/en\/contact-to-industrialport\/","name":"Contact IndustrialPort, the specialists for industrial real estate & warehouses","isPartOf":{"@id":"https:\/\/en.industrialport.net\/#website"},"datePublished":"2016-05-23T11:46:46+00:00","dateModified":"2026-05-11T10:26:02+00:00","description":"Contact IndustrialPort. The consulting firm provides facts for banks, owners, asset managers, appraisers, and consulting firms.","breadcrumb":{"@id":"https:\/\/www.industrialport.net\/en\/contact-to-industrialport\/#breadcrumb"},"inLanguage":"en-US","potentialAction":[{"@type":"ReadAction","target":["https:\/\/www.industrialport.net\/en\/contact-to-industrialport\/"]}]},{"@type":"BreadcrumbList","@id":"https:\/\/www.industrialport.net\/en\/contact-to-industrialport\/#breadcrumb","itemListElement":[{"@type":"ListItem","position":1,"name":"Startseite","item":"https:\/\/www.industrialport.net\/en\/"},{"@type":"ListItem","position":2,"name":"Consulting and contact at IndustrialPort"}]},{"@type":"WebSite","@id":"https:\/\/en.industrialport.net\/#website","url":"https:\/\/en.industrialport.net\/","name":"IndustrialPort","description":"Deutschlands gr\u00f6\u00dfter Datenanbieter f\u00fcr Hallenfl\u00e4chen und deren Standorte","publisher":{"@id":"https:\/\/en.industrialport.net\/#organization"},"potentialAction":[{"@type":"SearchAction","target":{"@type":"EntryPoint","urlTemplate":"https:\/\/en.industrialport.net\/?s={search_term_string}"},"query-input":{"@type":"PropertyValueSpecification","valueRequired":true,"valueName":"search_term_string"}}],"inLanguage":"en-US"},{"@type":"Organization","@id":"https:\/\/en.industrialport.net\/#organization","name":"IndustrialPort","url":"https:\/\/en.industrialport.net\/","logo":{"@type":"ImageObject","inLanguage":"en-US","@id":"https:\/\/en.industrialport.net\/#\/schema\/logo\/image\/","url":"https:\/\/www.industrialport.net\/wp-content\/uploads\/2017\/12\/industrialport-logo-rics-web-240.png","contentUrl":"https:\/\/www.industrialport.net\/wp-content\/uploads\/2017\/12\/industrialport-logo-rics-web-240.png","width":240,"height":68,"caption":"IndustrialPort"},"image":{"@id":"https:\/\/en.industrialport.net\/#\/schema\/logo\/image\/"},"sameAs":["https:\/\/x.com\/industrialport","https:\/\/www.linkedin.com\/company\/industrialport\/"]}]}},"_links":{"self":[{"href":"https:\/\/www.industrialport.net\/en\/wp-json\/wp\/v2\/pages\/4892","targetHints":{"allow":["GET"]}}],"collection":[{"href":"https:\/\/www.industrialport.net\/en\/wp-json\/wp\/v2\/pages"}],"about":[{"href":"https:\/\/www.industrialport.net\/en\/wp-json\/wp\/v2\/types\/page"}],"author":[{"embeddable":true,"href":"https:\/\/www.industrialport.net\/en\/wp-json\/wp\/v2\/users\/1"}],"replies":[{"embeddable":true,"href":"https:\/\/www.industrialport.net\/en\/wp-json\/wp\/v2\/comments?post=4892"}],"version-history":[{"count":15,"href":"https:\/\/www.industrialport.net\/en\/wp-json\/wp\/v2\/pages\/4892\/revisions"}],"predecessor-version":[{"id":61096,"href":"https:\/\/www.industrialport.net\/en\/wp-json\/wp\/v2\/pages\/4892\/revisions\/61096"}],"wp:attachment":[{"href":"https:\/\/www.industrialport.net\/en\/wp-json\/wp\/v2\/media?parent=4892"}],"curies":[{"name":"wp","href":"https:\/\/api.w.org\/{rel}","templated":true}]}}