{"id":4325,"date":"2016-10-31T17:49:40","date_gmt":"2016-10-31T17:49:40","guid":{"rendered":"https:\/\/www.industrialport.info\/my-account\/"},"modified":"2024-04-15T09:48:04","modified_gmt":"2024-04-15T07:48:04","slug":"my-account","status":"publish","type":"page","link":"https:\/\/www.industrialport.net\/en\/my-account\/","title":{"rendered":"My Account"},"content":{"rendered":"<div class=\"woocommerce\"><\/div>\n","protected":false},"excerpt":{"rendered":"","protected":false},"author":1,"featured_media":0,"parent":0,"menu_order":0,"comment_status":"closed","ping_status":"closed","template":"","meta":{"footnotes":""},"class_list":["post-4325","page","type-page","status-publish","hentry"],"featured_image_urls_v2":{"full":"","thumbnail":"","medium":"","medium_large":"","large":"","1536x1536":"","2048x2048":"","woocommerce_thumbnail":"","woocommerce_single":"","woocommerce_gallery_thumbnail":"","etheme-woocommerce-nimi":"","etheme-nimi":""},"post_excerpt_stackable_v2":"","category_list_v2":"","author_info_v2":{"name":"mk mediaconcept","url":"https:\/\/www.industrialport.net\/en\/blog\/author\/admin\/"},"comments_num_v2":"0 comments","yoast_head":"<!-- This site is optimized with the Yoast SEO Premium plugin v27.4 (Yoast SEO v27.4) - https:\/\/yoast.com\/product\/yoast-seo-premium-wordpress\/ -->\n<title>Mein Konto bei IndustrialPort - Direkter Online-Zugang<\/title>\n<meta name=\"description\" content=\"Mein Konto bei IndustrialPort - Direkter Online-Zugang zum Konto beim deutschen Marktf\u00fchrer im Bereich der Daten zu Gewerbeimmobilien\" \/>\n<meta name=\"robots\" content=\"index, follow, max-snippet:-1, max-image-preview:large, max-video-preview:-1\" \/>\n<link rel=\"canonical\" href=\"https:\/\/www.industrialport.net\/en\/my-account\/\" \/>\n<meta property=\"og:locale\" content=\"en_US\" \/>\n<meta property=\"og:type\" content=\"article\" \/>\n<meta property=\"og:title\" content=\"My Account\" \/>\n<meta property=\"og:description\" content=\"Mein Konto bei IndustrialPort - Direkter Online-Zugang zum Konto beim deutschen Marktf\u00fchrer im Bereich der Daten zu Gewerbeimmobilien\" \/>\n<meta property=\"og:url\" content=\"https:\/\/www.industrialport.net\/en\/my-account\/\" \/>\n<meta property=\"og:site_name\" content=\"IndustrialPort\" \/>\n<meta property=\"article:modified_time\" content=\"2024-04-15T07:48:04+00:00\" \/>\n<meta name=\"twitter:card\" content=\"summary_large_image\" \/>\n<meta name=\"twitter:site\" content=\"@industrialport\" \/>\n<meta name=\"twitter:label1\" content=\"Est. reading time\" \/>\n\t<meta name=\"twitter:data1\" content=\"1 minute\" \/>\n<script type=\"application\/ld+json\" class=\"yoast-schema-graph\">{\"@context\":\"https:\\\/\\\/schema.org\",\"@graph\":[{\"@type\":\"WebPage\",\"@id\":\"https:\\\/\\\/www.industrialport.net\\\/en\\\/my-account\\\/\",\"url\":\"https:\\\/\\\/www.industrialport.net\\\/en\\\/my-account\\\/\",\"name\":\"Mein Konto bei IndustrialPort - Direkter Online-Zugang\",\"isPartOf\":{\"@id\":\"https:\\\/\\\/en.industrialport.net\\\/#website\"},\"datePublished\":\"2016-10-31T17:49:40+00:00\",\"dateModified\":\"2024-04-15T07:48:04+00:00\",\"description\":\"Mein Konto bei IndustrialPort - Direkter Online-Zugang zum Konto beim deutschen Marktf\u00fchrer im Bereich der Daten zu Gewerbeimmobilien\",\"breadcrumb\":{\"@id\":\"https:\\\/\\\/www.industrialport.net\\\/en\\\/my-account\\\/#breadcrumb\"},\"inLanguage\":\"en-US\",\"potentialAction\":[{\"@type\":\"ReadAction\",\"target\":[\"https:\\\/\\\/www.industrialport.net\\\/en\\\/my-account\\\/\"]}]},{\"@type\":\"BreadcrumbList\",\"@id\":\"https:\\\/\\\/www.industrialport.net\\\/en\\\/my-account\\\/#breadcrumb\",\"itemListElement\":[{\"@type\":\"ListItem\",\"position\":1,\"name\":\"Startseite\",\"item\":\"https:\\\/\\\/www.industrialport.net\\\/en\\\/\"},{\"@type\":\"ListItem\",\"position\":2,\"name\":\"My Account\"}]},{\"@type\":\"WebSite\",\"@id\":\"https:\\\/\\\/en.industrialport.net\\\/#website\",\"url\":\"https:\\\/\\\/en.industrialport.net\\\/\",\"name\":\"IndustrialPort\",\"description\":\"Deutschlands gr\u00f6\u00dfter Datenanbieter f\u00fcr Hallenfl\u00e4chen und deren Standorte\",\"publisher\":{\"@id\":\"https:\\\/\\\/en.industrialport.net\\\/#organization\"},\"potentialAction\":[{\"@type\":\"SearchAction\",\"target\":{\"@type\":\"EntryPoint\",\"urlTemplate\":\"https:\\\/\\\/en.industrialport.net\\\/?s={search_term_string}\"},\"query-input\":{\"@type\":\"PropertyValueSpecification\",\"valueRequired\":true,\"valueName\":\"search_term_string\"}}],\"inLanguage\":\"en-US\"},{\"@type\":\"Organization\",\"@id\":\"https:\\\/\\\/en.industrialport.net\\\/#organization\",\"name\":\"IndustrialPort\",\"url\":\"https:\\\/\\\/en.industrialport.net\\\/\",\"logo\":{\"@type\":\"ImageObject\",\"inLanguage\":\"en-US\",\"@id\":\"https:\\\/\\\/en.industrialport.net\\\/#\\\/schema\\\/logo\\\/image\\\/\",\"url\":\"https:\\\/\\\/www.industrialport.net\\\/wp-content\\\/uploads\\\/2017\\\/12\\\/industrialport-logo-rics-web-240.png\",\"contentUrl\":\"https:\\\/\\\/www.industrialport.net\\\/wp-content\\\/uploads\\\/2017\\\/12\\\/industrialport-logo-rics-web-240.png\",\"width\":240,\"height\":68,\"caption\":\"IndustrialPort\"},\"image\":{\"@id\":\"https:\\\/\\\/en.industrialport.net\\\/#\\\/schema\\\/logo\\\/image\\\/\"},\"sameAs\":[\"https:\\\/\\\/x.com\\\/industrialport\",\"https:\\\/\\\/www.linkedin.com\\\/company\\\/industrialport\\\/\"]}]}<\/script>\n<!-- \/ Yoast SEO Premium plugin. -->","yoast_head_json":{"title":"Mein Konto bei IndustrialPort - Direkter Online-Zugang","description":"Mein Konto bei IndustrialPort - Direkter Online-Zugang zum Konto beim deutschen Marktf\u00fchrer im Bereich der Daten zu Gewerbeimmobilien","robots":{"index":"index","follow":"follow","max-snippet":"max-snippet:-1","max-image-preview":"max-image-preview:large","max-video-preview":"max-video-preview:-1"},"canonical":"https:\/\/www.industrialport.net\/en\/my-account\/","og_locale":"en_US","og_type":"article","og_title":"My Account","og_description":"Mein Konto bei IndustrialPort - Direkter Online-Zugang zum Konto beim deutschen Marktf\u00fchrer im Bereich der Daten zu Gewerbeimmobilien","og_url":"https:\/\/www.industrialport.net\/en\/my-account\/","og_site_name":"IndustrialPort","article_modified_time":"2024-04-15T07:48:04+00:00","twitter_card":"summary_large_image","twitter_site":"@industrialport","twitter_misc":{"Est. reading time":"1 minute"},"schema":{"@context":"https:\/\/schema.org","@graph":[{"@type":"WebPage","@id":"https:\/\/www.industrialport.net\/en\/my-account\/","url":"https:\/\/www.industrialport.net\/en\/my-account\/","name":"Mein Konto bei IndustrialPort - Direkter Online-Zugang","isPartOf":{"@id":"https:\/\/en.industrialport.net\/#website"},"datePublished":"2016-10-31T17:49:40+00:00","dateModified":"2024-04-15T07:48:04+00:00","description":"Mein Konto bei IndustrialPort - Direkter Online-Zugang zum Konto beim deutschen Marktf\u00fchrer im Bereich der Daten zu Gewerbeimmobilien","breadcrumb":{"@id":"https:\/\/www.industrialport.net\/en\/my-account\/#breadcrumb"},"inLanguage":"en-US","potentialAction":[{"@type":"ReadAction","target":["https:\/\/www.industrialport.net\/en\/my-account\/"]}]},{"@type":"BreadcrumbList","@id":"https:\/\/www.industrialport.net\/en\/my-account\/#breadcrumb","itemListElement":[{"@type":"ListItem","position":1,"name":"Startseite","item":"https:\/\/www.industrialport.net\/en\/"},{"@type":"ListItem","position":2,"name":"My Account"}]},{"@type":"WebSite","@id":"https:\/\/en.industrialport.net\/#website","url":"https:\/\/en.industrialport.net\/","name":"IndustrialPort","description":"Deutschlands gr\u00f6\u00dfter Datenanbieter f\u00fcr Hallenfl\u00e4chen und deren Standorte","publisher":{"@id":"https:\/\/en.industrialport.net\/#organization"},"potentialAction":[{"@type":"SearchAction","target":{"@type":"EntryPoint","urlTemplate":"https:\/\/en.industrialport.net\/?s={search_term_string}"},"query-input":{"@type":"PropertyValueSpecification","valueRequired":true,"valueName":"search_term_string"}}],"inLanguage":"en-US"},{"@type":"Organization","@id":"https:\/\/en.industrialport.net\/#organization","name":"IndustrialPort","url":"https:\/\/en.industrialport.net\/","logo":{"@type":"ImageObject","inLanguage":"en-US","@id":"https:\/\/en.industrialport.net\/#\/schema\/logo\/image\/","url":"https:\/\/www.industrialport.net\/wp-content\/uploads\/2017\/12\/industrialport-logo-rics-web-240.png","contentUrl":"https:\/\/www.industrialport.net\/wp-content\/uploads\/2017\/12\/industrialport-logo-rics-web-240.png","width":240,"height":68,"caption":"IndustrialPort"},"image":{"@id":"https:\/\/en.industrialport.net\/#\/schema\/logo\/image\/"},"sameAs":["https:\/\/x.com\/industrialport","https:\/\/www.linkedin.com\/company\/industrialport\/"]}]}},"_links":{"self":[{"href":"https:\/\/www.industrialport.net\/en\/wp-json\/wp\/v2\/pages\/4325","targetHints":{"allow":["GET"]}}],"collection":[{"href":"https:\/\/www.industrialport.net\/en\/wp-json\/wp\/v2\/pages"}],"about":[{"href":"https:\/\/www.industrialport.net\/en\/wp-json\/wp\/v2\/types\/page"}],"author":[{"embeddable":true,"href":"https:\/\/www.industrialport.net\/en\/wp-json\/wp\/v2\/users\/1"}],"replies":[{"embeddable":true,"href":"https:\/\/www.industrialport.net\/en\/wp-json\/wp\/v2\/comments?post=4325"}],"version-history":[{"count":1,"href":"https:\/\/www.industrialport.net\/en\/wp-json\/wp\/v2\/pages\/4325\/revisions"}],"predecessor-version":[{"id":54174,"href":"https:\/\/www.industrialport.net\/en\/wp-json\/wp\/v2\/pages\/4325\/revisions\/54174"}],"wp:attachment":[{"href":"https:\/\/www.industrialport.net\/en\/wp-json\/wp\/v2\/media?parent=4325"}],"curies":[{"name":"wp","href":"https:\/\/api.w.org\/{rel}","templated":true}]}}