{"id":4323,"date":"2016-10-31T17:49:40","date_gmt":"2016-10-31T17:49:40","guid":{"rendered":"https:\/\/www.industrialport.info\/cart\/"},"modified":"2026-03-27T12:10:20","modified_gmt":"2026-03-27T11:10:20","slug":"cart","status":"publish","type":"page","link":"https:\/\/www.industrialport.net\/en\/cart\/","title":{"rendered":"Cart"},"content":{"rendered":"\n\n<p><\/p>\n","protected":false},"excerpt":{"rendered":"","protected":false},"author":1,"featured_media":0,"parent":0,"menu_order":0,"comment_status":"closed","ping_status":"closed","template":"custompaget1.php","meta":{"footnotes":""},"class_list":["post-4323","page","type-page","status-publish","hentry"],"featured_image_urls_v2":{"full":"","thumbnail":"","medium":"","medium_large":"","large":"","1536x1536":"","2048x2048":"","woocommerce_thumbnail":"","woocommerce_single":"","woocommerce_gallery_thumbnail":"","etheme-woocommerce-nimi":"","etheme-nimi":""},"post_excerpt_stackable_v2":"","category_list_v2":"","author_info_v2":{"name":"mk mediaconcept","url":"https:\/\/www.industrialport.net\/en\/blog\/author\/admin\/"},"comments_num_v2":"0 comments","yoast_head":"<!-- This site is optimized with the Yoast SEO Premium plugin v27.4 (Yoast SEO v27.4) - https:\/\/yoast.com\/product\/yoast-seo-premium-wordpress\/ -->\n<title>IndustrialPort Cart - Everything essential for industrial real estate<\/title>\n<meta name=\"description\" content=\"IndustrialPort Cart - All essential data, analyses, valuations, and online appraisals for industrial real estate in Germany.\" \/>\n<meta name=\"robots\" content=\"index, follow, max-snippet:-1, max-image-preview:large, max-video-preview:-1\" \/>\n<link rel=\"canonical\" href=\"https:\/\/www.industrialport.net\/en\/cart\/\" \/>\n<meta property=\"og:locale\" content=\"en_US\" \/>\n<meta property=\"og:type\" content=\"article\" \/>\n<meta property=\"og:title\" content=\"Cart\" \/>\n<meta property=\"og:description\" content=\"IndustrialPort Cart - All essential data, analyses, valuations, and online appraisals for industrial real estate in Germany.\" \/>\n<meta property=\"og:url\" content=\"https:\/\/www.industrialport.net\/en\/cart\/\" \/>\n<meta property=\"og:site_name\" content=\"IndustrialPort\" \/>\n<meta property=\"article:modified_time\" content=\"2026-03-27T11:10:20+00:00\" \/>\n<meta name=\"twitter:card\" content=\"summary_large_image\" \/>\n<meta name=\"twitter:site\" content=\"@industrialport\" \/>\n<script type=\"application\/ld+json\" class=\"yoast-schema-graph\">{\"@context\":\"https:\\\/\\\/schema.org\",\"@graph\":[{\"@type\":\"WebPage\",\"@id\":\"https:\\\/\\\/www.industrialport.net\\\/en\\\/cart\\\/\",\"url\":\"https:\\\/\\\/www.industrialport.net\\\/en\\\/cart\\\/\",\"name\":\"IndustrialPort Cart - Everything essential for industrial real estate\",\"isPartOf\":{\"@id\":\"https:\\\/\\\/en.industrialport.net\\\/#website\"},\"datePublished\":\"2016-10-31T17:49:40+00:00\",\"dateModified\":\"2026-03-27T11:10:20+00:00\",\"description\":\"IndustrialPort Cart - All essential data, analyses, valuations, and online appraisals for industrial real estate in Germany.\",\"breadcrumb\":{\"@id\":\"https:\\\/\\\/www.industrialport.net\\\/en\\\/cart\\\/#breadcrumb\"},\"inLanguage\":\"en-US\",\"potentialAction\":[{\"@type\":\"ReadAction\",\"target\":[\"https:\\\/\\\/www.industrialport.net\\\/en\\\/cart\\\/\"]}]},{\"@type\":\"BreadcrumbList\",\"@id\":\"https:\\\/\\\/www.industrialport.net\\\/en\\\/cart\\\/#breadcrumb\",\"itemListElement\":[{\"@type\":\"ListItem\",\"position\":1,\"name\":\"Startseite\",\"item\":\"https:\\\/\\\/www.industrialport.net\\\/en\\\/\"},{\"@type\":\"ListItem\",\"position\":2,\"name\":\"Cart\"}]},{\"@type\":\"WebSite\",\"@id\":\"https:\\\/\\\/en.industrialport.net\\\/#website\",\"url\":\"https:\\\/\\\/en.industrialport.net\\\/\",\"name\":\"IndustrialPort\",\"description\":\"Deutschlands gr\u00f6\u00dfter Datenanbieter f\u00fcr Hallenfl\u00e4chen und deren Standorte\",\"publisher\":{\"@id\":\"https:\\\/\\\/en.industrialport.net\\\/#organization\"},\"potentialAction\":[{\"@type\":\"SearchAction\",\"target\":{\"@type\":\"EntryPoint\",\"urlTemplate\":\"https:\\\/\\\/en.industrialport.net\\\/?s={search_term_string}\"},\"query-input\":{\"@type\":\"PropertyValueSpecification\",\"valueRequired\":true,\"valueName\":\"search_term_string\"}}],\"inLanguage\":\"en-US\"},{\"@type\":\"Organization\",\"@id\":\"https:\\\/\\\/en.industrialport.net\\\/#organization\",\"name\":\"IndustrialPort\",\"url\":\"https:\\\/\\\/en.industrialport.net\\\/\",\"logo\":{\"@type\":\"ImageObject\",\"inLanguage\":\"en-US\",\"@id\":\"https:\\\/\\\/en.industrialport.net\\\/#\\\/schema\\\/logo\\\/image\\\/\",\"url\":\"https:\\\/\\\/www.industrialport.net\\\/wp-content\\\/uploads\\\/2017\\\/12\\\/industrialport-logo-rics-web-240.png\",\"contentUrl\":\"https:\\\/\\\/www.industrialport.net\\\/wp-content\\\/uploads\\\/2017\\\/12\\\/industrialport-logo-rics-web-240.png\",\"width\":240,\"height\":68,\"caption\":\"IndustrialPort\"},\"image\":{\"@id\":\"https:\\\/\\\/en.industrialport.net\\\/#\\\/schema\\\/logo\\\/image\\\/\"},\"sameAs\":[\"https:\\\/\\\/x.com\\\/industrialport\",\"https:\\\/\\\/www.linkedin.com\\\/company\\\/industrialport\\\/\"]}]}<\/script>\n<!-- \/ Yoast SEO Premium plugin. -->","yoast_head_json":{"title":"IndustrialPort Cart - Everything essential for industrial real estate","description":"IndustrialPort Cart - All essential data, analyses, valuations, and online appraisals for industrial real estate in Germany.","robots":{"index":"index","follow":"follow","max-snippet":"max-snippet:-1","max-image-preview":"max-image-preview:large","max-video-preview":"max-video-preview:-1"},"canonical":"https:\/\/www.industrialport.net\/en\/cart\/","og_locale":"en_US","og_type":"article","og_title":"Cart","og_description":"IndustrialPort Cart - All essential data, analyses, valuations, and online appraisals for industrial real estate in Germany.","og_url":"https:\/\/www.industrialport.net\/en\/cart\/","og_site_name":"IndustrialPort","article_modified_time":"2026-03-27T11:10:20+00:00","twitter_card":"summary_large_image","twitter_site":"@industrialport","schema":{"@context":"https:\/\/schema.org","@graph":[{"@type":"WebPage","@id":"https:\/\/www.industrialport.net\/en\/cart\/","url":"https:\/\/www.industrialport.net\/en\/cart\/","name":"IndustrialPort Cart - Everything essential for industrial real estate","isPartOf":{"@id":"https:\/\/en.industrialport.net\/#website"},"datePublished":"2016-10-31T17:49:40+00:00","dateModified":"2026-03-27T11:10:20+00:00","description":"IndustrialPort Cart - All essential data, analyses, valuations, and online appraisals for industrial real estate in Germany.","breadcrumb":{"@id":"https:\/\/www.industrialport.net\/en\/cart\/#breadcrumb"},"inLanguage":"en-US","potentialAction":[{"@type":"ReadAction","target":["https:\/\/www.industrialport.net\/en\/cart\/"]}]},{"@type":"BreadcrumbList","@id":"https:\/\/www.industrialport.net\/en\/cart\/#breadcrumb","itemListElement":[{"@type":"ListItem","position":1,"name":"Startseite","item":"https:\/\/www.industrialport.net\/en\/"},{"@type":"ListItem","position":2,"name":"Cart"}]},{"@type":"WebSite","@id":"https:\/\/en.industrialport.net\/#website","url":"https:\/\/en.industrialport.net\/","name":"IndustrialPort","description":"Deutschlands gr\u00f6\u00dfter Datenanbieter f\u00fcr Hallenfl\u00e4chen und deren Standorte","publisher":{"@id":"https:\/\/en.industrialport.net\/#organization"},"potentialAction":[{"@type":"SearchAction","target":{"@type":"EntryPoint","urlTemplate":"https:\/\/en.industrialport.net\/?s={search_term_string}"},"query-input":{"@type":"PropertyValueSpecification","valueRequired":true,"valueName":"search_term_string"}}],"inLanguage":"en-US"},{"@type":"Organization","@id":"https:\/\/en.industrialport.net\/#organization","name":"IndustrialPort","url":"https:\/\/en.industrialport.net\/","logo":{"@type":"ImageObject","inLanguage":"en-US","@id":"https:\/\/en.industrialport.net\/#\/schema\/logo\/image\/","url":"https:\/\/www.industrialport.net\/wp-content\/uploads\/2017\/12\/industrialport-logo-rics-web-240.png","contentUrl":"https:\/\/www.industrialport.net\/wp-content\/uploads\/2017\/12\/industrialport-logo-rics-web-240.png","width":240,"height":68,"caption":"IndustrialPort"},"image":{"@id":"https:\/\/en.industrialport.net\/#\/schema\/logo\/image\/"},"sameAs":["https:\/\/x.com\/industrialport","https:\/\/www.linkedin.com\/company\/industrialport\/"]}]}},"_links":{"self":[{"href":"https:\/\/www.industrialport.net\/en\/wp-json\/wp\/v2\/pages\/4323","targetHints":{"allow":["GET"]}}],"collection":[{"href":"https:\/\/www.industrialport.net\/en\/wp-json\/wp\/v2\/pages"}],"about":[{"href":"https:\/\/www.industrialport.net\/en\/wp-json\/wp\/v2\/types\/page"}],"author":[{"embeddable":true,"href":"https:\/\/www.industrialport.net\/en\/wp-json\/wp\/v2\/users\/1"}],"replies":[{"embeddable":true,"href":"https:\/\/www.industrialport.net\/en\/wp-json\/wp\/v2\/comments?post=4323"}],"version-history":[{"count":1,"href":"https:\/\/www.industrialport.net\/en\/wp-json\/wp\/v2\/pages\/4323\/revisions"}],"predecessor-version":[{"id":53718,"href":"https:\/\/www.industrialport.net\/en\/wp-json\/wp\/v2\/pages\/4323\/revisions\/53718"}],"wp:attachment":[{"href":"https:\/\/www.industrialport.net\/en\/wp-json\/wp\/v2\/media?parent=4323"}],"curies":[{"name":"wp","href":"https:\/\/api.w.org\/{rel}","templated":true}]}}